{"id":452,"date":"2020-10-26T19:13:10","date_gmt":"2020-10-26T19:13:10","guid":{"rendered":"https:\/\/lacasapolar.org\/?page_id=452"},"modified":"2020-12-28T06:16:13","modified_gmt":"2020-12-28T06:16:13","slug":"proceso-de-entrada-a-la-casa","status":"publish","type":"page","link":"https:\/\/lacasapolar.org\/es\/el-proyecto\/proceso-de-entrada-a-la-casa","title":{"rendered":"Proceso de entrada"},"content":{"rendered":"\n<div class=\"wp-block-cover alignfull has-white-background-color has-background-dim ticss-4b736f86\" style=\"min-height:240px\" id=\"particles-bg\"><div class=\"wp-block-cover__inner-container\">\n<h1 class=\"has-text-align-center has-black-color has-text-color wp-block-heading\">Proceso de entrada a La Casa<\/h1>\n<\/div><\/div>\n\n\n\n<div style=\"height:100px\" aria-hidden=\"true\" class=\"wp-block-spacer\"><\/div>\n\n\n\n<h3 class=\"wp-block-heading\">Esto es lo que puedes esperar de principio a fin..<\/h3>\n\n\n\n<p><br>Si te est\u00e1s planteando una estancia en La Casa Polar, ll\u00e1manos y mantendremos una conversaci\u00f3n. Hablaremos&nbsp; de lo que te est\u00e1 sucediendo, de lo que esperas de La Casa y c\u00f3mo piensas que tu estancia puede resultarte \u00fatil. Compartiremos contigo informaci\u00f3n sobre lo que ofrecemos y hablaremos de todas las dudas que tengas al respecto.<\/p>\n\n\n\n<p>A partir de esta conversaci\u00f3n decidiremos contigo los siguientes pasos.<\/p>\n\n\n\n<div style=\"height:30px\" aria-hidden=\"true\" class=\"wp-block-spacer\"><\/div>\n\n\n\n<div class=\"wp-block-image\"><figure class=\"aligncenter size-full\"><img decoding=\"async\" loading=\"lazy\" width=\"1399\" height=\"415\" src=\"https:\/\/lacasapolar.org\/wp-content\/uploads\/2020\/10\/telefono.jpg\" alt=\"\" class=\"wp-image-463\" srcset=\"https:\/\/lacasapolar.org\/wp-content\/uploads\/2020\/10\/telefono.jpg 1399w, https:\/\/lacasapolar.org\/wp-content\/uploads\/2020\/10\/telefono-300x89.jpg 300w, https:\/\/lacasapolar.org\/wp-content\/uploads\/2020\/10\/telefono-1024x304.jpg 1024w, https:\/\/lacasapolar.org\/wp-content\/uploads\/2020\/10\/telefono-768x228.jpg 768w\" sizes=\"(max-width: 1399px) 100vw, 1399px\" \/><\/figure><\/div>\n\n\n\n<div style=\"height:30px\" aria-hidden=\"true\" class=\"wp-block-spacer\"><\/div>\n\n\n\n<p>Si est\u00e1s contactando con La Casa Polar porque crees que alguna persona de tu entorno necesitar\u00eda quedarse en La Casa, hablaremos contigo brevemente y responderemos a cualquier pregunta general que puedas tener.&nbsp; Sin embargo, no podremos hablar contigo sobre nadie m\u00e1s que sobre ti y tus propias dudas. Para hablar de la situaci\u00f3n particular de alguien, necesitaremos hablar con esa persona directamente.<\/p>\n\n\n\n<p>Para resolver cualquier duda, cont\u00e1ctanos escribiendo a <a href=\"mailto:info@lacasapolar.com\" data-type=\"mailto\"><strong>info@lacasapolar.com<\/strong><\/a> ll\u00e1manos al 675 79 33 81 o rellena el siguiente formulario: <\/p>\n\n\n\n<div class=\"wp-block-buttons aligncenter is-layout-flex\">\n<div class=\"wp-block-button is-style-primary\"><a class=\"wp-block-button__link\" href=\"https:\/\/lacasapolar.org\/contacto\">CONTACTO<\/a><\/div>\n<\/div>\n\n\n\n<p>Por favor, ten en cuenta que no siempre podremos contestar r\u00e1pidamente a los correos o al tel\u00e9fono y responderemos tan pronto como podamos.<\/p>\n\n\n\n<p><\/p>\n","protected":false},"excerpt":{"rendered":"<p>Esto es lo que puedes esperar de principio a fin.. Si te est\u00e1s planteando una estancia en La Casa Polar, ll\u00e1manos y mantendremos una conversaci\u00f3n. Hablaremos&nbsp; de lo que te est\u00e1 sucediendo, de lo que esperas de La Casa y c\u00f3mo piensas que tu estancia puede resultarte \u00fatil. Compartiremos contigo informaci\u00f3n sobre lo que ofrecemos&hellip;&nbsp;<a href=\"https:\/\/lacasapolar.org\/es\/el-proyecto\/proceso-de-entrada-a-la-casa\" class=\"\" rel=\"bookmark\">Leer m\u00e1s &raquo;<span class=\"screen-reader-text\">Proceso de entrada<\/span><\/a><\/p>\n","protected":false},"author":1,"featured_media":0,"parent":115,"menu_order":0,"comment_status":"closed","ping_status":"closed","template":"","meta":{"_eb_attr":"","_uag_custom_page_level_css":"","_monsterinsights_skip_tracking":false,"_monsterinsights_sitenote_active":false,"_monsterinsights_sitenote_note":"","_monsterinsights_sitenote_category":0,"neve_meta_sidebar":"full-width","neve_meta_container":"","neve_meta_enable_content_width":"on","neve_meta_content_width":100,"neve_meta_title_alignment":"","neve_meta_author_avatar":"","neve_post_elements_order":"","neve_meta_disable_header":"","neve_meta_disable_footer":"","neve_meta_disable_title":"on","_themeisle_gutenberg_block_has_review":false},"uagb_featured_image_src":{"full":false,"thumbnail":false,"medium":false,"medium_large":false,"large":false,"1536x1536":false,"2048x2048":false,"neve-blog":false},"uagb_author_info":{"display_name":"La Casa Polar","author_link":"https:\/\/lacasapolar.org\/es\/author\/casapolaradmin"},"uagb_comment_info":0,"uagb_excerpt":"Esto es lo que puedes esperar de principio a fin.. Si te est\u00e1s planteando una estancia en La Casa Polar, ll\u00e1manos y mantendremos una conversaci\u00f3n. Hablaremos&nbsp; de lo que te est\u00e1 sucediendo, de lo que esperas de La Casa y c\u00f3mo piensas que tu estancia puede resultarte \u00fatil. Compartiremos contigo informaci\u00f3n sobre lo que ofrecemos&hellip;&nbsp;Leer&hellip;","_links":{"self":[{"href":"https:\/\/lacasapolar.org\/es\/wp-json\/wp\/v2\/pages\/452"}],"collection":[{"href":"https:\/\/lacasapolar.org\/es\/wp-json\/wp\/v2\/pages"}],"about":[{"href":"https:\/\/lacasapolar.org\/es\/wp-json\/wp\/v2\/types\/page"}],"author":[{"embeddable":true,"href":"https:\/\/lacasapolar.org\/es\/wp-json\/wp\/v2\/users\/1"}],"replies":[{"embeddable":true,"href":"https:\/\/lacasapolar.org\/es\/wp-json\/wp\/v2\/comments?post=452"}],"version-history":[{"count":15,"href":"https:\/\/lacasapolar.org\/es\/wp-json\/wp\/v2\/pages\/452\/revisions"}],"predecessor-version":[{"id":765,"href":"https:\/\/lacasapolar.org\/es\/wp-json\/wp\/v2\/pages\/452\/revisions\/765"}],"up":[{"embeddable":true,"href":"https:\/\/lacasapolar.org\/es\/wp-json\/wp\/v2\/pages\/115"}],"wp:attachment":[{"href":"https:\/\/lacasapolar.org\/es\/wp-json\/wp\/v2\/media?parent=452"}],"curies":[{"name":"wp","href":"https:\/\/api.w.org\/{rel}","templated":true}]}}