{"id":399,"date":"2020-10-26T08:12:38","date_gmt":"2020-10-26T08:12:38","guid":{"rendered":"https:\/\/lacasapolar.org\/?page_id=399"},"modified":"2020-12-28T20:05:25","modified_gmt":"2020-12-28T20:05:25","slug":"requisitos-para-quedarse-en-la-casa-polar","status":"publish","type":"page","link":"https:\/\/lacasapolar.org\/es\/el-proyecto\/requisitos-para-quedarse-en-la-casa-polar","title":{"rendered":"Requisitos para quedarse"},"content":{"rendered":"\n<div class=\"wp-block-cover alignfull has-white-background-color has-background-dim ticss-8010adce\" style=\"min-height:240px\" id=\"particles-bg\"><div class=\"wp-block-cover__inner-container\">\n<h1 class=\"has-text-align-center has-black-color has-text-color wp-block-heading\">Requisitos para quedarse en La Casa Polar<\/h1>\n<\/div><\/div>\n\n\n\n<div style=\"height:100px\" aria-hidden=\"true\" class=\"wp-block-spacer\"><\/div>\n\n\n\n<p>La Casa Polar es para personas <strong>de todos los g\u00e9neros, orientaciones sexuales, etnias y religiones<\/strong>.<\/p>\n\n\n\n<p>No hay una lista de personas que \u201cno pueden\u201d alojarse en La Casa Polar, y s\u00ed una serie de aspectos a tener en cuenta:<br><br>Las personas deben:<\/p>\n\n\n\n<div style=\"height:30px\" aria-hidden=\"true\" class=\"wp-block-spacer\"><\/div>\n\n\n\n<div class=\"wp-block-media-text alignwide is-stacked-on-mobile is-image-fill\"><figure class=\"wp-block-media-text__media\" style=\"background-image:url(https:\/\/lacasapolar.org\/wp-content\/uploads\/2020\/12\/requisitos-1024x769.jpg);background-position:50% 50%\"><img decoding=\"async\" loading=\"lazy\" width=\"1024\" height=\"769\" src=\"https:\/\/lacasapolar.org\/wp-content\/uploads\/2020\/12\/requisitos-1024x769.jpg\" alt=\"\" class=\"wp-image-722 size-full\" srcset=\"https:\/\/lacasapolar.org\/wp-content\/uploads\/2020\/12\/requisitos-1024x769.jpg 1024w, https:\/\/lacasapolar.org\/wp-content\/uploads\/2020\/12\/requisitos-300x225.jpg 300w, https:\/\/lacasapolar.org\/wp-content\/uploads\/2020\/12\/requisitos-768x577.jpg 768w, https:\/\/lacasapolar.org\/wp-content\/uploads\/2020\/12\/requisitos.jpg 1200w\" sizes=\"(max-width: 1024px) 100vw, 1024px\" \/><\/figure><div class=\"wp-block-media-text__content\">\n<ul id=\"block-8773097a-e948-44a5-a5b1-74e5f623b570\"><li>Tener <strong>18 a\u00f1os o m\u00e1s<\/strong><\/li><li><strong>Poder atender sus propias necesidades<\/strong> m\u00e9dicas, incluidos medicamentos (o tener amistades o familiares que les puedan brindar el apoyo adecuado durante las visitas).<\/li><li>Ser <strong>razonablemente independientes<\/strong> en las necesidades b\u00e1sicas de cuidado personal, incluida la preparaci\u00f3n de alimentos, la higiene personal y del espacio&nbsp; y la evacuaci\u00f3n del lugar&nbsp; en caso de emergencia (incendio, etc.)<\/li><li>Una de las cosas m\u00e1s importantes que pedimos es que las personas se relacionen desde los valores del <strong>respeto<\/strong>, la <strong>honestidad<\/strong>, la <strong>mutualidad<\/strong>, la <strong>tolerancia<\/strong>,.. Qui\u00e9nes no puedan o quieran convivir desde esos valores, no podr\u00e1n quedarse en La Casa Polar. Para saber m\u00e1s, <a href=\"https:\/\/lacasapolar.org\/front-page\/que-es-la-casa-polar\">consulta aqu\u00ed<\/a>.<\/li><\/ul>\n<\/div><\/div>\n\n\n\n<div style=\"height:30px\" aria-hidden=\"true\" class=\"wp-block-spacer\"><\/div>\n\n\n\n<p><strong>A tener en cuenta:<\/strong><\/p>\n\n\n\n<ul><li>La Casa Polar no es un espacio sanitario pero s\u00ed de salud.<\/li><li>No es un servicio preparado para acompa\u00f1ar a personas con patolog\u00edas m\u00e9dicas que requieran curas m\u00e9dicas ni de enfermer\u00eda. Podemos acompa\u00f1ar a las personas o facilitarles el contacto con los centros sanitarios adecuados a sus necesidades.<\/li><li>En relaci\u00f3n a tratamientos farmacol\u00f3gicos para procesos m\u00e9dicos que la personas tenga antes de llegar a La Casa, el equipo no se encargar\u00e1 de proporcionarlos, aunque s\u00ed facilitar\u00e1 a las personas su continuidad y el cuidado de sus aspectos de la salud desde una corriente de acompa\u00f1amiento y facilitaci\u00f3n de los recursos que necesite para poder llevar a cabo este objetivo.<\/li><li>En relaci\u00f3n a los tratamientos con psicof\u00e1rmacos, al igual que los dem\u00e1s tratamientos m\u00e9dicos, el equipo no se encargar\u00e1 de proporcionarlos, aunque s\u00ed facilitar\u00e1 todo lo necesario para que puedan tomarlos si ese es su deseo.&nbsp;<\/li><\/ul>\n","protected":false},"excerpt":{"rendered":"<p>La Casa Polar es para personas de todos los g\u00e9neros, orientaciones sexuales, etnias y religiones. No hay una lista de personas que \u201cno pueden\u201d alojarse en La Casa Polar, y s\u00ed una serie de aspectos a tener en cuenta: Las personas deben: Tener 18 a\u00f1os o m\u00e1s Poder atender sus propias necesidades m\u00e9dicas, incluidos medicamentos&hellip;&nbsp;<a href=\"https:\/\/lacasapolar.org\/es\/el-proyecto\/requisitos-para-quedarse-en-la-casa-polar\" class=\"\" rel=\"bookmark\">Leer m\u00e1s &raquo;<span class=\"screen-reader-text\">Requisitos para quedarse<\/span><\/a><\/p>\n","protected":false},"author":1,"featured_media":0,"parent":115,"menu_order":0,"comment_status":"closed","ping_status":"closed","template":"","meta":{"_eb_attr":"","_uag_custom_page_level_css":"","_monsterinsights_skip_tracking":false,"_monsterinsights_sitenote_active":false,"_monsterinsights_sitenote_note":"","_monsterinsights_sitenote_category":0,"neve_meta_sidebar":"full-width","neve_meta_container":"","neve_meta_enable_content_width":"on","neve_meta_content_width":100,"neve_meta_title_alignment":"","neve_meta_author_avatar":"","neve_post_elements_order":"","neve_meta_disable_header":"","neve_meta_disable_footer":"","neve_meta_disable_title":"on","_themeisle_gutenberg_block_has_review":false},"uagb_featured_image_src":{"full":false,"thumbnail":false,"medium":false,"medium_large":false,"large":false,"1536x1536":false,"2048x2048":false,"neve-blog":false},"uagb_author_info":{"display_name":"La Casa Polar","author_link":"https:\/\/lacasapolar.org\/es\/author\/casapolaradmin"},"uagb_comment_info":0,"uagb_excerpt":"La Casa Polar es para personas de todos los g\u00e9neros, orientaciones sexuales, etnias y religiones. No hay una lista de personas que \u201cno pueden\u201d alojarse en La Casa Polar, y s\u00ed una serie de aspectos a tener en cuenta: Las personas deben: Tener 18 a\u00f1os o m\u00e1s Poder atender sus propias necesidades m\u00e9dicas, incluidos medicamentos&hellip;&nbsp;Leer&hellip;","_links":{"self":[{"href":"https:\/\/lacasapolar.org\/es\/wp-json\/wp\/v2\/pages\/399"}],"collection":[{"href":"https:\/\/lacasapolar.org\/es\/wp-json\/wp\/v2\/pages"}],"about":[{"href":"https:\/\/lacasapolar.org\/es\/wp-json\/wp\/v2\/types\/page"}],"author":[{"embeddable":true,"href":"https:\/\/lacasapolar.org\/es\/wp-json\/wp\/v2\/users\/1"}],"replies":[{"embeddable":true,"href":"https:\/\/lacasapolar.org\/es\/wp-json\/wp\/v2\/comments?post=399"}],"version-history":[{"count":16,"href":"https:\/\/lacasapolar.org\/es\/wp-json\/wp\/v2\/pages\/399\/revisions"}],"predecessor-version":[{"id":769,"href":"https:\/\/lacasapolar.org\/es\/wp-json\/wp\/v2\/pages\/399\/revisions\/769"}],"up":[{"embeddable":true,"href":"https:\/\/lacasapolar.org\/es\/wp-json\/wp\/v2\/pages\/115"}],"wp:attachment":[{"href":"https:\/\/lacasapolar.org\/es\/wp-json\/wp\/v2\/media?parent=399"}],"curies":[{"name":"wp","href":"https:\/\/api.w.org\/{rel}","templated":true}]}}