{"id":398,"date":"2020-10-26T08:12:16","date_gmt":"2020-10-26T08:12:16","guid":{"rendered":"https:\/\/lacasapolar.org\/?page_id=398"},"modified":"2020-12-18T09:44:17","modified_gmt":"2020-12-18T09:44:17","slug":"la-casa","status":"publish","type":"page","link":"https:\/\/lacasapolar.org\/es\/el-proyecto\/la-casa","title":{"rendered":"La Casa"},"content":{"rendered":"\n<div class=\"wp-block-cover alignfull has-white-background-color has-background-dim ticss-53b65718\" style=\"min-height:240px\" id=\"particles-bg\"><div class=\"wp-block-cover__inner-container\">\n<h1 class=\"has-text-align-center has-black-color has-text-color wp-block-heading\">La Casa<\/h1>\n<\/div><\/div>\n\n\n\n<div style=\"height:100px\" aria-hidden=\"true\" class=\"wp-block-spacer\"><\/div>\n\n\n\n<p>La Casa Polar estar\u00e1 situada en una amplia finca en un entorno natural y rural entre las provincias de Girona o Barcelona, siendo ideales los alrededores de la comarca de La Selva. De esta manera ser\u00e1 m\u00e1s factible su materializaci\u00f3n por cercan\u00eda y afinidad con las personas implicadas e interesadas en el proyecto.<\/p>\n\n\n\n<div class=\"wp-block-image\"><figure class=\"aligncenter size-large is-resized\"><img decoding=\"async\" loading=\"lazy\" src=\"https:\/\/lacasapolar.org\/wp-content\/uploads\/2020\/12\/DIBUJO-LCP-ESTEBANdibujo-LCP-esteban-1024x608.jpg\" alt=\"\" class=\"wp-image-685\" width=\"638\" height=\"374\"\/><\/figure><\/div>\n\n\n\n<p>La Casa ser\u00e1 una mas\u00eda con un ambiente c\u00e1lido y hogare\u00f1o que constar\u00e1 de uno o varios edificios donde estar\u00e1n distribuidas las estancias necesarias para albergar a unos 7 hu\u00e9spedes: habitaciones, ba\u00f1os, cocina, sal\u00f3n-comedor. Adem\u00e1s dispondr\u00e1 de amplios espacios comunes e independientes, tipo salas polivalentes, donde poder llevar a cabo din\u00e1micas o actividades de inter\u00e9s. La finca contar\u00e1 con un gran terreno a ser posible edificable, que dispondr\u00e1 al menos de una piscina o medio acuoso similar (estanque, lago, alberca). Este terreno cumple dos funciones. Por un lado la de lugar recreativo en el que desarrollar actividades, pasear, nadar, meditar, correr, admirar y disfrutar la naturaleza, etc, y por el otro, dise\u00f1ar, preparar e iniciar un huerto familiar con frutales que sirva para autoabastecer a La Casa .<\/p>\n","protected":false},"excerpt":{"rendered":"<p>La Casa Polar estar\u00e1 situada en una amplia finca en un entorno natural y rural entre las provincias de Girona o Barcelona, siendo ideales los alrededores de la comarca de La Selva. De esta manera ser\u00e1 m\u00e1s factible su materializaci\u00f3n por cercan\u00eda y afinidad con las personas implicadas e interesadas en el proyecto. La Casa&hellip;&nbsp;<a href=\"https:\/\/lacasapolar.org\/es\/el-proyecto\/la-casa\" class=\"\" rel=\"bookmark\">Leer m\u00e1s &raquo;<span class=\"screen-reader-text\">La Casa<\/span><\/a><\/p>\n","protected":false},"author":1,"featured_media":0,"parent":115,"menu_order":0,"comment_status":"closed","ping_status":"closed","template":"","meta":{"_eb_attr":"","_uag_custom_page_level_css":"","_monsterinsights_skip_tracking":false,"_monsterinsights_sitenote_active":false,"_monsterinsights_sitenote_note":"","_monsterinsights_sitenote_category":0,"neve_meta_sidebar":"full-width","neve_meta_container":"","neve_meta_enable_content_width":"on","neve_meta_content_width":100,"neve_meta_title_alignment":"","neve_meta_author_avatar":"","neve_post_elements_order":"","neve_meta_disable_header":"","neve_meta_disable_footer":"","neve_meta_disable_title":"on","_themeisle_gutenberg_block_has_review":false},"uagb_featured_image_src":{"full":false,"thumbnail":false,"medium":false,"medium_large":false,"large":false,"1536x1536":false,"2048x2048":false,"neve-blog":false},"uagb_author_info":{"display_name":"La Casa Polar","author_link":"https:\/\/lacasapolar.org\/es\/author\/casapolaradmin"},"uagb_comment_info":0,"uagb_excerpt":"La Casa Polar estar\u00e1 situada en una amplia finca en un entorno natural y rural entre las provincias de Girona o Barcelona, siendo ideales los alrededores de la comarca de La Selva. De esta manera ser\u00e1 m\u00e1s factible su materializaci\u00f3n por cercan\u00eda y afinidad con las personas implicadas e interesadas en el proyecto. La Casa&hellip;&nbsp;Leer&hellip;","_links":{"self":[{"href":"https:\/\/lacasapolar.org\/es\/wp-json\/wp\/v2\/pages\/398"}],"collection":[{"href":"https:\/\/lacasapolar.org\/es\/wp-json\/wp\/v2\/pages"}],"about":[{"href":"https:\/\/lacasapolar.org\/es\/wp-json\/wp\/v2\/types\/page"}],"author":[{"embeddable":true,"href":"https:\/\/lacasapolar.org\/es\/wp-json\/wp\/v2\/users\/1"}],"replies":[{"embeddable":true,"href":"https:\/\/lacasapolar.org\/es\/wp-json\/wp\/v2\/comments?post=398"}],"version-history":[{"count":7,"href":"https:\/\/lacasapolar.org\/es\/wp-json\/wp\/v2\/pages\/398\/revisions"}],"predecessor-version":[{"id":692,"href":"https:\/\/lacasapolar.org\/es\/wp-json\/wp\/v2\/pages\/398\/revisions\/692"}],"up":[{"embeddable":true,"href":"https:\/\/lacasapolar.org\/es\/wp-json\/wp\/v2\/pages\/115"}],"wp:attachment":[{"href":"https:\/\/lacasapolar.org\/es\/wp-json\/wp\/v2\/media?parent=398"}],"curies":[{"name":"wp","href":"https:\/\/api.w.org\/{rel}","templated":true}]}}