{"id":377,"date":"2020-10-26T08:00:30","date_gmt":"2020-10-26T08:00:30","guid":{"rendered":"http:\/\/lacasapolar.org\/?page_id=377"},"modified":"2020-12-28T06:10:43","modified_gmt":"2020-12-28T06:10:43","slug":"voluntades-anticipadas","status":"publish","type":"page","link":"https:\/\/lacasapolar.org\/es\/voluntades-anticipadas","title":{"rendered":"Voluntades anticipadas"},"content":{"rendered":"\n<div class=\"wp-block-cover alignfull has-white-background-color has-background-dim\" style=\"min-height:240px\" id=\"particles-bg\"><div class=\"wp-block-cover__inner-container\">\n<h1 class=\"has-text-align-center has-black-color has-text-color wp-block-heading\">Voluntades anticipadas<\/h1>\n<\/div><\/div>\n\n\n\n<div style=\"height:100px\" aria-hidden=\"true\" class=\"wp-block-spacer\"><\/div>\n\n\n\n<p class=\"has-text-align-center\"><em>Tambi\u00e9n se conocen como planes de crisis, mapas locos, pactos de cuidados, <\/em><br><em>planificaci\u00f3n anticipada de decisiones en salud mental <\/em><\/p>\n\n\n\n<p>Se llama Voluntades Anticipadas (VVAA) a un documento donde quedan reflejadas las preferencias de las personas en cuanto a lo que su salud mental se refiere. Es planificar de forma anticipada las decisiones sobre los cuidados que se desean recibir cuando las condiciones del estado de salud no permitan expresarlo personalmente y dar el consentimiento para que las personas del entorno que acompa\u00f1an act\u00faen en coherencia para el cumplimiento de dichas instrucciones.<\/p>\n\n\n\n<p>Es importante se\u00f1alar, que estos documentos no s\u00f3lo est\u00e1n indicados para que la persona deje escrito cu\u00e1l es el trato que quiere recibir en un ingreso psiqui\u00e1trico (que tambi\u00e9n) sino en otros momentos, como inicios de crisis, o momentos de dificultad. Uno de los objetivos que subyace a estos documentos es poder evitar que estos ingresos se den.<br><br>Las personas son expertas por su propia experiencia. Tras uno o varios ingresos, tras una crisis, tras una etapa complicada, se va aprendiendo qu\u00e9 es lo que hay hacer y tambi\u00e9n todo lo contrario. Lo importante es dar espacio para poder escucharlo. A tener en cuenta:<\/p>\n\n\n\n<ul><li>La redacci\u00f3n de un documento de voluntades anticipadas es responsabilidad, \u00fanica y exclusiva, de la persona.&nbsp;<\/li><\/ul>\n\n\n\n<ul><li>Si se realiza con el apoyo de alguien, sea profesional o no, hay que saber que el papel de esta persona es de acompa\u00f1amiento, nunca de imposici\u00f3n o persuasi\u00f3n. Se trata de realizar una reflexi\u00f3n conjunta, llegar a puntos comunes, pero siempre desde el deseo de la persona afectada.&nbsp;<\/li><li>Es importante se\u00f1alar que este proceso de voluntades anticipadas tiene una ideolog\u00eda muy potente que le subyace: cuando nos enfrentamos a una crisis es un momento temporal, no una incapacidad permanente, por lo que la persona podr\u00e1 reflejar cu\u00e1les son sus preferencias o no, ya que tiene capacidad para hacerlo.&nbsp;<\/li><\/ul>\n\n\n\n<p class=\"has-text-align-center\"><br><em>Aqu\u00ed hay unos enlaces a diferentes formatos de documentos donde poder desarrollar las voluntades anticipadas, aunque tambi\u00e9n se puede crear un documento propio:<\/em><\/p>\n\n\n\n<p><strong>Mapas Locos, desde EEUU<\/strong><\/p>\n\n\n\n<p><a href=\"https:\/\/static1.squarespace.com\/static\/57bcd6322994ca36c2f0329b\/t\/5a81c32608522974e5e5c23f\/1518453757058\/Mapas+Locos.pdf\">https:\/\/static1.squarespace.com\/static\/57bcd6322994ca36c2f0329b\/t\/5a81c32608522974e5e5c23f\/1518453757058\/Mapas+Locos.pdf<\/a><\/p>\n\n\n\n<p><strong>La gu\u00eda realizada por la Escuela Andaluza de Salud Mental:<\/strong><\/p>\n\n\n\n<p><a href=\"https:\/\/www.easp.es\/?wpdmact=process&amp;did=MTM0LmhvdGxpbms=\">https:\/\/www.easp.es\/?wpdmact=process&amp;did=MTM0LmhvdGxpbms=<br><br><\/a><strong>La gu\u00eda de trabajo personal, propuesta desde Activament.org<\/strong> (Realizaci\u00f3n Plan de crisis en la p\u00e1gina 43):<br><br><a href=\"http:\/\/www.activament.org\/wp-content\/uploads\/2018\/11\/Quadern-personal-de-treball.pdf\">http:\/\/www.activament.org\/wp-content\/uploads\/2018\/11\/Quadern-personal-de-treball.pdf<\/a><\/p>\n\n\n\n<p>Desde La Casa Polar animamos a desarrollar este documento en cualquiera de los formatos anteriores o en uno propio, ya que lo consideramos clave para realizar un mejor acompa\u00f1amiento cuando sea necesario.&nbsp;<\/p>\n\n\n\n<p class=\"has-text-align-center\"><strong>Para enviarnos tu documento, o en el caso de necesitar ayuda o querer resolver alguna duda, escribe a: <a href=\"mailto:v.a@lacasapolar.org\">vvaa@lacasapolar.org<\/a><\/strong><\/p>\n\n\n\n<div style=\"height:100px\" aria-hidden=\"true\" class=\"wp-block-spacer\"><\/div>\n\n\n\n<hr class=\"wp-block-separator\"\/>\n\n\n\n<p class=\"has-text-align-left\"><em> Nuestro texto es una adaptaci\u00f3n de <a rel=\"noreferrer noopener\" href=\"https:\/\/engranajescronicos.wordpress.com\/2016\/02\/09\/voluntades-anticipadas-en-salud-mental\/\" data-type=\"URL\" data-id=\"https:\/\/engranajescronicos.wordpress.com\/2016\/02\/09\/voluntades-anticipadas-en-salud-mental\/\" target=\"_blank\">esta entrada al blog<\/a> de Rebeca Gonz\u00e1lez Ib\u00e1\u00f1ez&nbsp;&nbsp;<\/em><\/p>\n\n\n\n<p class=\"has-text-align-left\"><a href=\"https:\/\/twitter.com\/rebecagibanez?lang=es\" target=\"_blank\" rel=\"noreferrer noopener\">@rebecagibanez<\/a><\/p>\n\n\n\n<p><\/p>\n","protected":false},"excerpt":{"rendered":"<p>Tambi\u00e9n se conocen como planes de crisis, mapas locos, pactos de cuidados, planificaci\u00f3n anticipada de decisiones en salud mental Se llama Voluntades Anticipadas (VVAA) a un documento donde quedan reflejadas las preferencias de las personas en cuanto a lo que su salud mental se refiere. Es planificar de forma anticipada las decisiones sobre los cuidados&hellip;&nbsp;<a href=\"https:\/\/lacasapolar.org\/es\/voluntades-anticipadas\" class=\"\" rel=\"bookmark\">Leer m\u00e1s &raquo;<span class=\"screen-reader-text\">Voluntades anticipadas<\/span><\/a><\/p>\n","protected":false},"author":1,"featured_media":0,"parent":0,"menu_order":0,"comment_status":"closed","ping_status":"closed","template":"","meta":{"_eb_attr":"","_uag_custom_page_level_css":"","_monsterinsights_skip_tracking":false,"_monsterinsights_sitenote_active":false,"_monsterinsights_sitenote_note":"","_monsterinsights_sitenote_category":0,"neve_meta_sidebar":"full-width","neve_meta_container":"","neve_meta_enable_content_width":"on","neve_meta_content_width":100,"neve_meta_title_alignment":"","neve_meta_author_avatar":"","neve_post_elements_order":"","neve_meta_disable_header":"","neve_meta_disable_footer":"","neve_meta_disable_title":"on","_themeisle_gutenberg_block_has_review":false},"uagb_featured_image_src":{"full":false,"thumbnail":false,"medium":false,"medium_large":false,"large":false,"1536x1536":false,"2048x2048":false,"neve-blog":false},"uagb_author_info":{"display_name":"La Casa Polar","author_link":"https:\/\/lacasapolar.org\/es\/author\/casapolaradmin"},"uagb_comment_info":0,"uagb_excerpt":"Tambi\u00e9n se conocen como planes de crisis, mapas locos, pactos de cuidados, planificaci\u00f3n anticipada de decisiones en salud mental Se llama Voluntades Anticipadas (VVAA) a un documento donde quedan reflejadas las preferencias de las personas en cuanto a lo que su salud mental se refiere. Es planificar de forma anticipada las decisiones sobre los cuidados&hellip;&nbsp;Leer&hellip;","_links":{"self":[{"href":"https:\/\/lacasapolar.org\/es\/wp-json\/wp\/v2\/pages\/377"}],"collection":[{"href":"https:\/\/lacasapolar.org\/es\/wp-json\/wp\/v2\/pages"}],"about":[{"href":"https:\/\/lacasapolar.org\/es\/wp-json\/wp\/v2\/types\/page"}],"author":[{"embeddable":true,"href":"https:\/\/lacasapolar.org\/es\/wp-json\/wp\/v2\/users\/1"}],"replies":[{"embeddable":true,"href":"https:\/\/lacasapolar.org\/es\/wp-json\/wp\/v2\/comments?post=377"}],"version-history":[{"count":15,"href":"https:\/\/lacasapolar.org\/es\/wp-json\/wp\/v2\/pages\/377\/revisions"}],"predecessor-version":[{"id":761,"href":"https:\/\/lacasapolar.org\/es\/wp-json\/wp\/v2\/pages\/377\/revisions\/761"}],"wp:attachment":[{"href":"https:\/\/lacasapolar.org\/es\/wp-json\/wp\/v2\/media?parent=377"}],"curies":[{"name":"wp","href":"https:\/\/api.w.org\/{rel}","templated":true}]}}