{"id":375,"date":"2020-10-26T08:00:04","date_gmt":"2020-10-26T08:00:04","guid":{"rendered":"http:\/\/lacasapolar.org\/?page_id=375"},"modified":"2021-03-06T18:14:15","modified_gmt":"2021-03-06T18:14:15","slug":"colabora","status":"publish","type":"page","link":"https:\/\/lacasapolar.org\/es\/colabora","title":{"rendered":"\u00a1Colabora!"},"content":{"rendered":"\n<div class=\"wp-block-cover alignfull has-white-background-color has-background-dim ticss-6e09fab0\" style=\"min-height:249px\" id=\"particles-bg\"><div class=\"wp-block-cover__inner-container\">\n<h1 class=\"has-text-align-center has-black-color has-text-color wp-block-heading\">\u00a1Colabora!<\/h1>\n<\/div><\/div>\n\n\n\n<div style=\"height:100px\" aria-hidden=\"true\" class=\"wp-block-spacer\"><\/div>\n\n\n\n<div class=\"wp-block-media-text alignwide is-stacked-on-mobile\"><figure class=\"wp-block-media-text__media\"><img decoding=\"async\" loading=\"lazy\" width=\"1024\" height=\"576\" src=\"https:\/\/lacasapolar.org\/wp-content\/uploads\/2020\/12\/economicamente-PLASTILINAS-1024x576.png\" alt=\"\" class=\"wp-image-683 size-full\" srcset=\"https:\/\/lacasapolar.org\/wp-content\/uploads\/2020\/12\/economicamente-PLASTILINAS-1024x576.png 1024w, https:\/\/lacasapolar.org\/wp-content\/uploads\/2020\/12\/economicamente-PLASTILINAS-300x169.png 300w, https:\/\/lacasapolar.org\/wp-content\/uploads\/2020\/12\/economicamente-PLASTILINAS-768x432.png 768w, https:\/\/lacasapolar.org\/wp-content\/uploads\/2020\/12\/economicamente-PLASTILINAS-1536x864.png 1536w, https:\/\/lacasapolar.org\/wp-content\/uploads\/2020\/12\/economicamente-PLASTILINAS.png 1600w\" sizes=\"(max-width: 1024px) 100vw, 1024px\" \/><\/figure><div class=\"wp-block-media-text__content\">\n<div style=\"height:122px\" aria-hidden=\"true\" class=\"wp-block-spacer\"><\/div>\n\n\n\n<h2 class=\"wp-block-heading\">Econ\u00f3micamente<\/h2>\n\n\n\n<ul><li>Puedes hacer una <strong>transferencia <\/strong>(\u00a1puntual o mejor a\u00fan, activando en tu banco la opci\u00f3n de \u201ctransferencia peri\u00f3dica\u201d!) directamente a este n\u00famero de cuenta: <em>IBAN ES57 1491 0001 253000129440<\/em> (Concepto de la transferencia: Tu nombre y Apellidos, Dni y Donaci\u00f3n Associaci\u00f3 La Casa Polar)<\/li><li>Desde ya puedes colaborar con 1\u20ac al mes a trav\u00e9s de <strong>Teaming<\/strong>, puedes sumarte <a rel=\"noreferrer noopener\" href=\"https:\/\/www.teaming.net\/lacasapolar\" target=\"_blank\">aqui<\/a>.<\/li><\/ul>\n\n\n\n<div style=\"height:108px\" aria-hidden=\"true\" class=\"wp-block-spacer\"><\/div>\n<\/div><\/div>\n\n\n\n<div class=\"wp-block-media-text alignwide has-media-on-the-right is-stacked-on-mobile\"><figure class=\"wp-block-media-text__media\"><img decoding=\"async\" loading=\"lazy\" width=\"1024\" height=\"576\" src=\"https:\/\/lacasapolar.org\/wp-content\/uploads\/2020\/12\/lacasaPLASTILINAS-1024x576.png\" alt=\"\" class=\"wp-image-681 size-full\" srcset=\"https:\/\/lacasapolar.org\/wp-content\/uploads\/2020\/12\/lacasaPLASTILINAS-1024x576.png 1024w, https:\/\/lacasapolar.org\/wp-content\/uploads\/2020\/12\/lacasaPLASTILINAS-300x169.png 300w, https:\/\/lacasapolar.org\/wp-content\/uploads\/2020\/12\/lacasaPLASTILINAS-768x432.png 768w, https:\/\/lacasapolar.org\/wp-content\/uploads\/2020\/12\/lacasaPLASTILINAS-1536x864.png 1536w, https:\/\/lacasapolar.org\/wp-content\/uploads\/2020\/12\/lacasaPLASTILINAS.png 1600w\" sizes=\"(max-width: 1024px) 100vw, 1024px\" \/><\/figure><div class=\"wp-block-media-text__content\">\n<div style=\"height:132px\" aria-hidden=\"true\" class=\"wp-block-spacer\"><\/div>\n\n\n\n<h2 class=\"wp-block-heading\">La Casa<\/h2>\n\n\n\n<p>Estamos buscando un espacio donde La Casa Polar pueda desarrollar su actividad, si conoces o llega a tus o\u00eddos alguno posible, ay\u00fadanos a contactar.<\/p>\n\n\n\n<div class=\"wp-block-buttons is-layout-flex\">\n<div class=\"wp-block-button\"><a class=\"wp-block-button__link has-white-color has-neve-button-color-background-color has-text-color has-background\" href=\"https:\/\/lacasapolar.org\/contacto\" style=\"border-radius:3px\">Cont\u00e1ctanos<\/a><\/div>\n<\/div>\n\n\n\n<div style=\"height:135px\" aria-hidden=\"true\" class=\"wp-block-spacer\"><\/div>\n\n\n\n<p><\/p>\n<\/div><\/div>\n\n\n\n<div class=\"wp-block-media-text alignwide is-stacked-on-mobile\"><figure class=\"wp-block-media-text__media\"><img decoding=\"async\" loading=\"lazy\" width=\"1024\" height=\"576\" src=\"https:\/\/lacasapolar.org\/wp-content\/uploads\/2020\/12\/participaPLASTILINAS-1024x576.png\" alt=\"\" class=\"wp-image-684 size-full\" srcset=\"https:\/\/lacasapolar.org\/wp-content\/uploads\/2020\/12\/participaPLASTILINAS-1024x576.png 1024w, https:\/\/lacasapolar.org\/wp-content\/uploads\/2020\/12\/participaPLASTILINAS-300x169.png 300w, https:\/\/lacasapolar.org\/wp-content\/uploads\/2020\/12\/participaPLASTILINAS-768x432.png 768w, https:\/\/lacasapolar.org\/wp-content\/uploads\/2020\/12\/participaPLASTILINAS-1536x864.png 1536w, https:\/\/lacasapolar.org\/wp-content\/uploads\/2020\/12\/participaPLASTILINAS.png 2048w\" sizes=\"(max-width: 1024px) 100vw, 1024px\" \/><\/figure><div class=\"wp-block-media-text__content\">\n<div style=\"height:112px\" aria-hidden=\"true\" class=\"wp-block-spacer\"><\/div>\n\n\n\n<h2 class=\"wp-block-heading\">Participa<\/h2>\n\n\n\n<ul><li>Tambi\u00e9n puedes colaborar en el proyecto de manera voluntaria poniendo a disposici\u00f3n tu tiempo, habilidades y\/o conocimientos. Tu vocaci\u00f3n y formaci\u00f3n pueden sernos muy \u00fatiles.&nbsp;<\/li><\/ul>\n\n\n\n<ul><li>Si eres una entidad, organizaci\u00f3n o colectivo con ganas de apoyarnos no dudes en escribirnos.<br>&nbsp;Contacto: <a href=\"mailto:colabora@lacasapolar.org\">colabora@lacasapolar.org<\/a><\/li><\/ul>\n\n\n\n<div style=\"height:124px\" aria-hidden=\"true\" class=\"wp-block-spacer\"><\/div>\n<\/div><\/div>\n\n\n\n<div class=\"wp-block-media-text alignwide has-media-on-the-right is-stacked-on-mobile\"><figure class=\"wp-block-media-text__media\"><img decoding=\"async\" loading=\"lazy\" width=\"1024\" height=\"768\" src=\"https:\/\/lacasapolar.org\/wp-content\/uploads\/2020\/12\/difusionPLASTILINAS-1024x768.png\" alt=\"\" class=\"wp-image-682 size-full\" srcset=\"https:\/\/lacasapolar.org\/wp-content\/uploads\/2020\/12\/difusionPLASTILINAS-1024x768.png 1024w, https:\/\/lacasapolar.org\/wp-content\/uploads\/2020\/12\/difusionPLASTILINAS-300x225.png 300w, https:\/\/lacasapolar.org\/wp-content\/uploads\/2020\/12\/difusionPLASTILINAS-768x576.png 768w, https:\/\/lacasapolar.org\/wp-content\/uploads\/2020\/12\/difusionPLASTILINAS-1536x1152.png 1536w, https:\/\/lacasapolar.org\/wp-content\/uploads\/2020\/12\/difusionPLASTILINAS.png 1600w\" sizes=\"(max-width: 1024px) 100vw, 1024px\" \/><\/figure><div class=\"wp-block-media-text__content\">\n<div style=\"height:124px\" aria-hidden=\"true\" class=\"wp-block-spacer\"><\/div>\n\n\n\n<h2 class=\"wp-block-heading\">Difunde<\/h2>\n\n\n\n<p>\u00a1La difusi\u00f3n siempre suma! S\u00edguenos en redes y comparte el proyecto.&nbsp;<\/p>\n\n\n\n<p>H\u00e1blale a tu gente sobre La Casa Polar, cu\u00e9ntales lo que queremos hacer y por qu\u00e9. Confiamos en el boca a boca, nunca sabemos hasta d\u00f3nde puede llegar nuestra voz.<\/p>\n\n\n\n<p>Si colaboras con alg\u00fan medio de comunicaci\u00f3n, revista, programa de radio&#8230;, y te apetece contactarnos para hablar de este proyecto, \u00a1no dudes en escribirnos!<\/p>\n\n\n\n<div style=\"height:123px\" aria-hidden=\"true\" class=\"wp-block-spacer\"><\/div>\n<\/div><\/div>\n\n\n\n<p class=\"has-text-align-center has-medium-font-size\">&nbsp;&nbsp;<strong>&nbsp;&nbsp;\u00a1Ay\u00fadanos a conseguirlo!<\/strong><\/p>\n\n\n\n<div style=\"height:75px\" aria-hidden=\"true\" class=\"wp-block-spacer\"><\/div>\n\n\n\n<p class=\"has-text-align-center\">SI TIENES ALGUNA DUDA O SUGERENCIA PARA COLABORAR&nbsp; ESCRIBE A:<br><br><a href=\"mailto:colabora@lacasapolar.org\">colabora@lacasapolar.org<\/a> <\/p>\n\n\n\n<h2 class=\"has-text-align-center wp-block-heading\"><\/h2>\n\n\n\n<div style=\"height:75px\" aria-hidden=\"true\" class=\"wp-block-spacer\"><\/div>\n\n\n\n<h4 class=\"has-text-align-center wp-block-heading\">AGRADECIMIENTOS, COLABORACIONES, INSPIRACIONES Y RED DE APOYO<\/h4>\n\n\n\n<div style=\"height:62px\" aria-hidden=\"true\" class=\"wp-block-spacer\"><\/div>\n\n\n\n<p><em>Casas de crisis:<\/em> Weglaufhaus (Alemania), Anima Home (Grecia), Lieu du Repit (Francia), Afiya House (EEUU), Drayton Park (Inglaterra).<\/p>\n\n\n\n<p><em>Entidades amigas:<\/em> Flipas GAM (Madrid), Activament Catalunya (Barcelona), LoCom\u00fan (Madrid), Fabricantes de futur (Girona), Colectivo inspiradas (Madrid).<\/p>\n\n\n\n<p><em>Gente may\u00fascula:<\/em> Sonia J. Cook (Consultor\u00eda humanista), Josep Llu\u00eds Navarro, el se\u00f1or de los n\u00fameros (aGOe), Miquel Boix (AGOe), Andrea Ch\u00e1vez (Promoci\u00f3 Econ\u00f2mica de l\u2019Ajuntament de Lloret de Mar), S\u00edlvia F\u00e1brega (\u00c0rea d\u2019emprenedoria del Consell Comarcal de la Selva), Raquel Fern\u00e1ndez (Ateneus Cooperatius de les Terres Gironines), Mart\u00ed Juanola (el Centre Eix de Negoci), Josep M Sol\u00e9 (Fundaci\u00f3 SUPPORT), Kim\/Lor (Home Studio), Crowdcoop (HERES, FACTO, GOTEO), Enric Torrents, Elisenda Tuneu, Joan &#8216;Doble Zeroo&#8217; Puigvert, Pedro L\u00f3pez (Web &amp; Book Developer)<\/p>\n\n\n\n<p>Dani Cembrero, Gara Ramos, Catalina Pons, Rub\u00e9n A. Benedicto, Sheila, Dioni, Uli, Can M\u00e1s, Ver\u00f3nica Vacas, Alex Torrecillas, Amelia Burke.<br><br>Marta Plaza, Mercedes Vera, Daddy Panda Green Corner, Rous Baltrons y Ana Moreno.<\/p>\n\n\n\n<div style=\"height:37px\" aria-hidden=\"true\" class=\"wp-block-spacer\"><\/div>\n\n\n\n<h5 class=\"wp-block-heading\">Con el apoyo econ\u00f3mico de:<br><br>Qui\u00e9nes aport\u00e1is dinero de manera particular.<\/h5>\n\n\n\n<p>Cada aportaci\u00f3n vuestra nos permite seguir adelante: \u00a1Muchas gracias!<br><\/p>\n\n\n\n<p>Y tambi\u00e9n:<\/p>\n\n\n\n<p><strong>Heidehof Stiftung<\/strong><\/p>\n\n\n\n<figure class=\"wp-block-image size-large is-resized\"><a href=\"https:\/\/www.heidehof-stiftung.de\/\" target=\"_blank\" rel=\"noopener\"><img decoding=\"async\" loading=\"lazy\" src=\"https:\/\/lacasapolar.org\/wp-content\/uploads\/2020\/12\/Copia-de-HHS-Logo.png\" alt=\"\" class=\"wp-image-708\" width=\"199\" height=\"105\" srcset=\"https:\/\/lacasapolar.org\/wp-content\/uploads\/2020\/12\/Copia-de-HHS-Logo.png 310w, https:\/\/lacasapolar.org\/wp-content\/uploads\/2020\/12\/Copia-de-HHS-Logo-300x158.png 300w\" sizes=\"(max-width: 199px) 100vw, 199px\" \/><\/a><\/figure>\n\n\n\n<p><br><strong>Pikara Magazine&nbsp;<\/strong><\/p>\n\n\n\n<figure class=\"wp-block-image size-large is-resized\"><a href=\"https:\/\/www.pikaramagazine.com\/\" target=\"_blank\" rel=\"noopener\"><img decoding=\"async\" loading=\"lazy\" src=\"https:\/\/lacasapolar.org\/wp-content\/uploads\/2020\/12\/Pikara-LOGO.jpg\" alt=\"\" class=\"wp-image-709\" width=\"233\" height=\"145\" srcset=\"https:\/\/lacasapolar.org\/wp-content\/uploads\/2020\/12\/Pikara-LOGO.jpg 961w, https:\/\/lacasapolar.org\/wp-content\/uploads\/2020\/12\/Pikara-LOGO-300x186.jpg 300w, https:\/\/lacasapolar.org\/wp-content\/uploads\/2020\/12\/Pikara-LOGO-768x476.jpg 768w\" sizes=\"(max-width: 233px) 100vw, 233px\" \/><\/a><\/figure>\n\n\n\n<p>Sin vuestras generosas aportaciones y apoyo, nuestra labor no ser\u00eda posible. \u00a1Muchas Gracias!<\/p>\n\n\n\n<p><\/p>\n\n\n\n<h4 class=\"has-text-align-center wp-block-heading\">&nbsp;<strong>Y gracias tambi\u00e9n, siempre, a la gran comunidad de personas que nos rodea. <\/strong><br><strong>La lista es casi infinita<\/strong>..<\/h4>\n\n\n\n<p><\/p>\n","protected":false},"excerpt":{"rendered":"<p>&nbsp;&nbsp;&nbsp;&nbsp;\u00a1Ay\u00fadanos a conseguirlo! SI TIENES ALGUNA DUDA O SUGERENCIA PARA COLABORAR&nbsp; ESCRIBE A: colabora@lacasapolar.org AGRADECIMIENTOS, COLABORACIONES, INSPIRACIONES Y RED DE APOYO Casas de crisis: Weglaufhaus (Alemania), Anima Home (Grecia), Lieu du Repit (Francia), Afiya House (EEUU), Drayton Park (Inglaterra). Entidades amigas: Flipas GAM (Madrid), Activament Catalunya (Barcelona), LoCom\u00fan (Madrid), Fabricantes de futur (Girona), Colectivo inspiradas&hellip;&nbsp;<a href=\"https:\/\/lacasapolar.org\/es\/colabora\" class=\"\" rel=\"bookmark\">Leer m\u00e1s &raquo;<span class=\"screen-reader-text\">\u00a1Colabora!<\/span><\/a><\/p>\n","protected":false},"author":1,"featured_media":0,"parent":0,"menu_order":0,"comment_status":"closed","ping_status":"closed","template":"","meta":{"_eb_attr":"","_uag_custom_page_level_css":"","_monsterinsights_skip_tracking":false,"_monsterinsights_sitenote_active":false,"_monsterinsights_sitenote_note":"","_monsterinsights_sitenote_category":0,"neve_meta_sidebar":"full-width","neve_meta_container":"","neve_meta_enable_content_width":"on","neve_meta_content_width":100,"neve_meta_title_alignment":"","neve_meta_author_avatar":"","neve_post_elements_order":"","neve_meta_disable_header":"","neve_meta_disable_footer":"","neve_meta_disable_title":"on","_themeisle_gutenberg_block_has_review":false},"uagb_featured_image_src":{"full":false,"thumbnail":false,"medium":false,"medium_large":false,"large":false,"1536x1536":false,"2048x2048":false,"neve-blog":false},"uagb_author_info":{"display_name":"La Casa Polar","author_link":"https:\/\/lacasapolar.org\/es\/author\/casapolaradmin"},"uagb_comment_info":0,"uagb_excerpt":"&nbsp;&nbsp;&nbsp;&nbsp;\u00a1Ay\u00fadanos a conseguirlo! SI TIENES ALGUNA DUDA O SUGERENCIA PARA COLABORAR&nbsp; ESCRIBE A: colabora@lacasapolar.org AGRADECIMIENTOS, COLABORACIONES, INSPIRACIONES Y RED DE APOYO Casas de crisis: Weglaufhaus (Alemania), Anima Home (Grecia), Lieu du Repit (Francia), Afiya House (EEUU), Drayton Park (Inglaterra). Entidades amigas: Flipas GAM (Madrid), Activament Catalunya (Barcelona), LoCom\u00fan (Madrid), Fabricantes de futur (Girona), Colectivo inspiradas&hellip;&nbsp;Leer&hellip;","_links":{"self":[{"href":"https:\/\/lacasapolar.org\/es\/wp-json\/wp\/v2\/pages\/375"}],"collection":[{"href":"https:\/\/lacasapolar.org\/es\/wp-json\/wp\/v2\/pages"}],"about":[{"href":"https:\/\/lacasapolar.org\/es\/wp-json\/wp\/v2\/types\/page"}],"author":[{"embeddable":true,"href":"https:\/\/lacasapolar.org\/es\/wp-json\/wp\/v2\/users\/1"}],"replies":[{"embeddable":true,"href":"https:\/\/lacasapolar.org\/es\/wp-json\/wp\/v2\/comments?post=375"}],"version-history":[{"count":35,"href":"https:\/\/lacasapolar.org\/es\/wp-json\/wp\/v2\/pages\/375\/revisions"}],"predecessor-version":[{"id":807,"href":"https:\/\/lacasapolar.org\/es\/wp-json\/wp\/v2\/pages\/375\/revisions\/807"}],"wp:attachment":[{"href":"https:\/\/lacasapolar.org\/es\/wp-json\/wp\/v2\/media?parent=375"}],"curies":[{"name":"wp","href":"https:\/\/api.w.org\/{rel}","templated":true}]}}