{"id":373,"date":"2020-10-26T07:59:46","date_gmt":"2020-10-26T07:59:46","guid":{"rendered":"http:\/\/lacasapolar.org\/?page_id=373"},"modified":"2021-02-11T11:30:22","modified_gmt":"2021-02-11T11:30:22","slug":"que-es-la-casa-polar","status":"publish","type":"page","link":"https:\/\/lacasapolar.org\/es\/el-proyecto\/que-es-la-casa-polar","title":{"rendered":"\u00bfQu\u00e9 es La Casa Polar?"},"content":{"rendered":"\n<div class=\"wp-block-cover alignfull has-white-background-color has-background-dim ticss-454c1355\" style=\"min-height:240px\" id=\"particles-bg\"><div class=\"wp-block-cover__inner-container\">\n<h1 class=\"has-text-align-center has-black-color has-text-color wp-block-heading\">\u00bfQu\u00e9 es La Casa Polar?<\/h1>\n<\/div><\/div>\n\n\n\n<div style=\"height:100px\" aria-hidden=\"true\" class=\"wp-block-spacer\"><\/div>\n\n\n\n<blockquote class=\"wp-block-quote has-text-align-center is-style-default\"><p>La Casa Polar es un proyecto pionero y sin \u00e1nimo de lucro, donde acompa\u00f1amos a personas que est\u00e1n experimentando situaciones extremas de crisis y que quieran evitar una hospitalizaci\u00f3n.<\/p><\/blockquote>\n\n\n\n<div style=\"height:100px\" aria-hidden=\"true\" class=\"wp-block-spacer\"><\/div>\n\n\n\n<div class=\"wp-block-media-text alignwide is-stacked-on-mobile\"><figure class=\"wp-block-media-text__media\"><img decoding=\"async\" loading=\"lazy\" width=\"1024\" height=\"768\" src=\"https:\/\/lacasapolar.org\/wp-content\/uploads\/2020\/10\/IMG_20190717_184037-1024x768.jpg\" alt=\"\" class=\"wp-image-412 size-full\" srcset=\"https:\/\/lacasapolar.org\/wp-content\/uploads\/2020\/10\/IMG_20190717_184037-1024x768.jpg 1024w, https:\/\/lacasapolar.org\/wp-content\/uploads\/2020\/10\/IMG_20190717_184037-300x225.jpg 300w, https:\/\/lacasapolar.org\/wp-content\/uploads\/2020\/10\/IMG_20190717_184037-768x576.jpg 768w, https:\/\/lacasapolar.org\/wp-content\/uploads\/2020\/10\/IMG_20190717_184037-1536x1152.jpg 1536w, https:\/\/lacasapolar.org\/wp-content\/uploads\/2020\/10\/IMG_20190717_184037-2048x1536.jpg 2048w\" sizes=\"(max-width: 1024px) 100vw, 1024px\" \/><\/figure><div class=\"wp-block-media-text__content\">\n<h3 class=\"wp-block-heading\">OBJETIVOS<\/h3>\n\n\n\n<ol><li>Acompa\u00f1ar, acoger y\/o hospedar a personas en momentos de crisis extremas.<\/li><li>Promover el autoconocimiento, la autogesti\u00f3n y la autonom\u00eda de forma individual y colectiva.<\/li><li>Proporcionar espacios capaces de facilitar un estado de bienestar, comprensi\u00f3n o alivio.<\/li><li>Abordar el sufrimiento humano desde una perspectiva colectiva superando as\u00ed la concepci\u00f3n individualista del mismo.<\/li><\/ol>\n<\/div><\/div>\n\n\n\n<div class=\"wp-block-media-text alignwide has-media-on-the-right is-stacked-on-mobile\"><figure class=\"wp-block-media-text__media\"><img decoding=\"async\" loading=\"lazy\" width=\"1024\" height=\"770\" src=\"https:\/\/lacasapolar.org\/wp-content\/uploads\/2020\/12\/METODOLOGIA-1024x770.jpg\" alt=\"\" class=\"wp-image-720 size-full\" srcset=\"https:\/\/lacasapolar.org\/wp-content\/uploads\/2020\/12\/METODOLOGIA-1024x770.jpg 1024w, https:\/\/lacasapolar.org\/wp-content\/uploads\/2020\/12\/METODOLOGIA-300x226.jpg 300w, https:\/\/lacasapolar.org\/wp-content\/uploads\/2020\/12\/METODOLOGIA-768x577.jpg 768w, https:\/\/lacasapolar.org\/wp-content\/uploads\/2020\/12\/METODOLOGIA.jpg 1200w\" sizes=\"(max-width: 1024px) 100vw, 1024px\" \/><\/figure><div class=\"wp-block-media-text__content\">\n<h3 class=\"wp-block-heading\">METODOLOG\u00cdA:<\/h3>\n\n\n\n<ul><li>Generar un espacio de seguridad y confianza acompa\u00f1ando el sufrimiento inicial.<\/li><\/ul>\n\n\n\n<ul><li>Favorecer que las personas puedan ir encontrando sus propios recursos y nuevas formas para enfocar su vida.<\/li><\/ul>\n\n\n\n<ul><li>Valorar la posibilidad de un acompa\u00f1amiento posterior, m\u00e1s all\u00e1 de la situaci\u00f3n de crisis.<\/li><\/ul>\n<\/div><\/div>\n\n\n\n<div class=\"wp-block-media-text alignwide is-stacked-on-mobile\"><figure class=\"wp-block-media-text__media\"><img decoding=\"async\" loading=\"lazy\" width=\"1024\" height=\"769\" src=\"https:\/\/lacasapolar.org\/wp-content\/uploads\/2020\/10\/P1160224-1024x769.jpg\" alt=\"\" class=\"wp-image-418 size-full\" srcset=\"https:\/\/lacasapolar.org\/wp-content\/uploads\/2020\/10\/P1160224-1024x769.jpg 1024w, https:\/\/lacasapolar.org\/wp-content\/uploads\/2020\/10\/P1160224-300x225.jpg 300w, https:\/\/lacasapolar.org\/wp-content\/uploads\/2020\/10\/P1160224-768x577.jpg 768w, https:\/\/lacasapolar.org\/wp-content\/uploads\/2020\/10\/P1160224-1536x1153.jpg 1536w, https:\/\/lacasapolar.org\/wp-content\/uploads\/2020\/10\/P1160224-2048x1538.jpg 2048w\" sizes=\"(max-width: 1024px) 100vw, 1024px\" \/><\/figure><div class=\"wp-block-media-text__content\">\n<h3 class=\"wp-block-heading\"><br>ACOMPA\u00d1AMIENTO<\/h3>\n\n\n\n<ul><li>Respetuoso con el proceso y la autodeterminaci\u00f3n de la persona.<\/li><li>Con perspectiva de investigaci\u00f3n y abordaje de su historia y contexto sociofamiliar.<\/li><li>De apoyo mutuo entre iguales, no asistencialista.<\/li><li>Personalizado a cada situaci\u00f3n y adaptado a los diferentes momentos del proceso.<\/li><\/ul>\n<\/div><\/div>\n","protected":false},"excerpt":{"rendered":"<p>La Casa Polar es un proyecto pionero y sin \u00e1nimo de lucro, donde acompa\u00f1amos a personas que est\u00e1n experimentando situaciones extremas de crisis y que quieran evitar una hospitalizaci\u00f3n. OBJETIVOS Acompa\u00f1ar, acoger y\/o hospedar a personas en momentos de crisis extremas. Promover el autoconocimiento, la autogesti\u00f3n y la autonom\u00eda de forma individual y colectiva. Proporcionar&hellip;&nbsp;<a href=\"https:\/\/lacasapolar.org\/es\/el-proyecto\/que-es-la-casa-polar\" class=\"\" rel=\"bookmark\">Leer m\u00e1s &raquo;<span class=\"screen-reader-text\">\u00bfQu\u00e9 es La Casa Polar?<\/span><\/a><\/p>\n","protected":false},"author":1,"featured_media":0,"parent":115,"menu_order":0,"comment_status":"closed","ping_status":"closed","template":"","meta":{"_eb_attr":"","_uag_custom_page_level_css":"","_monsterinsights_skip_tracking":false,"_monsterinsights_sitenote_active":false,"_monsterinsights_sitenote_note":"","_monsterinsights_sitenote_category":0,"neve_meta_sidebar":"full-width","neve_meta_container":"","neve_meta_enable_content_width":"on","neve_meta_content_width":100,"neve_meta_title_alignment":"","neve_meta_author_avatar":"","neve_post_elements_order":"","neve_meta_disable_header":"off","neve_meta_disable_footer":"","neve_meta_disable_title":"on","_themeisle_gutenberg_block_has_review":false},"uagb_featured_image_src":{"full":false,"thumbnail":false,"medium":false,"medium_large":false,"large":false,"1536x1536":false,"2048x2048":false,"neve-blog":false},"uagb_author_info":{"display_name":"La Casa Polar","author_link":"https:\/\/lacasapolar.org\/es\/author\/casapolaradmin"},"uagb_comment_info":0,"uagb_excerpt":"La Casa Polar es un proyecto pionero y sin \u00e1nimo de lucro, donde acompa\u00f1amos a personas que est\u00e1n experimentando situaciones extremas de crisis y que quieran evitar una hospitalizaci\u00f3n. OBJETIVOS Acompa\u00f1ar, acoger y\/o hospedar a personas en momentos de crisis extremas. Promover el autoconocimiento, la autogesti\u00f3n y la autonom\u00eda de forma individual y colectiva. Proporcionar&hellip;&nbsp;Leer&hellip;","_links":{"self":[{"href":"https:\/\/lacasapolar.org\/es\/wp-json\/wp\/v2\/pages\/373"}],"collection":[{"href":"https:\/\/lacasapolar.org\/es\/wp-json\/wp\/v2\/pages"}],"about":[{"href":"https:\/\/lacasapolar.org\/es\/wp-json\/wp\/v2\/types\/page"}],"author":[{"embeddable":true,"href":"https:\/\/lacasapolar.org\/es\/wp-json\/wp\/v2\/users\/1"}],"replies":[{"embeddable":true,"href":"https:\/\/lacasapolar.org\/es\/wp-json\/wp\/v2\/comments?post=373"}],"version-history":[{"count":15,"href":"https:\/\/lacasapolar.org\/es\/wp-json\/wp\/v2\/pages\/373\/revisions"}],"predecessor-version":[{"id":803,"href":"https:\/\/lacasapolar.org\/es\/wp-json\/wp\/v2\/pages\/373\/revisions\/803"}],"up":[{"embeddable":true,"href":"https:\/\/lacasapolar.org\/es\/wp-json\/wp\/v2\/pages\/115"}],"wp:attachment":[{"href":"https:\/\/lacasapolar.org\/es\/wp-json\/wp\/v2\/media?parent=373"}],"curies":[{"name":"wp","href":"https:\/\/api.w.org\/{rel}","templated":true}]}}