{"id":115,"date":"2020-05-05T18:43:53","date_gmt":"2020-05-05T18:43:53","guid":{"rendered":"http:\/\/lacasapolar.org\/front-page"},"modified":"2020-12-28T06:15:08","modified_gmt":"2020-12-28T06:15:08","slug":"el-proyecto","status":"publish","type":"page","link":"https:\/\/lacasapolar.org\/es\/el-proyecto","title":{"rendered":"EL PROYECTO"},"content":{"rendered":"\n<div class=\"wp-block-cover alignfull has-white-background-color has-background-dim ticss-a5c0f11c\" style=\"min-height:240px\" id=\"particles-bg\"><div class=\"wp-block-cover__inner-container\">\n<h1 class=\"has-text-align-center has-black-color has-text-color wp-block-heading\">El Proyecto<\/h1>\n<\/div><\/div>\n\n\n\n<div style=\"height:100px\" aria-hidden=\"true\" class=\"wp-block-spacer\"><\/div>\n\n\n\n<figure class=\"wp-block-gallery alignwide columns-2 is-cropped wp-block-gallery-1 is-layout-flex\"><ul class=\"blocks-gallery-grid\"><li class=\"blocks-gallery-item\"><figure><img decoding=\"async\" loading=\"lazy\" width=\"1024\" height=\"574\" src=\"https:\/\/lacasapolar.org\/wp-content\/uploads\/2020\/10\/telefono2-1024x574.jpg\" alt=\"\" data-id=\"478\" data-full-url=\"https:\/\/lacasapolar.org\/wp-content\/uploads\/2020\/10\/telefono2.jpg\" data-link=\"https:\/\/lacasapolar.org\/el-proyecto\/telefono2\" class=\"wp-image-478\" srcset=\"https:\/\/lacasapolar.org\/wp-content\/uploads\/2020\/10\/telefono2-1024x574.jpg 1024w, https:\/\/lacasapolar.org\/wp-content\/uploads\/2020\/10\/telefono2-300x168.jpg 300w, https:\/\/lacasapolar.org\/wp-content\/uploads\/2020\/10\/telefono2-768x430.jpg 768w, https:\/\/lacasapolar.org\/wp-content\/uploads\/2020\/10\/telefono2-1536x860.jpg 1536w, https:\/\/lacasapolar.org\/wp-content\/uploads\/2020\/10\/telefono2.jpg 1637w\" sizes=\"(max-width: 1024px) 100vw, 1024px\" \/><\/figure><\/li><li class=\"blocks-gallery-item\"><figure><img decoding=\"async\" loading=\"lazy\" width=\"1024\" height=\"573\" src=\"https:\/\/lacasapolar.org\/wp-content\/uploads\/2020\/10\/arbol-1024x573.jpg\" alt=\"\" data-id=\"477\" data-full-url=\"https:\/\/lacasapolar.org\/wp-content\/uploads\/2020\/10\/arbol.jpg\" data-link=\"https:\/\/lacasapolar.org\/el-proyecto\/arbol\" class=\"wp-image-477\" srcset=\"https:\/\/lacasapolar.org\/wp-content\/uploads\/2020\/10\/arbol-1024x573.jpg 1024w, https:\/\/lacasapolar.org\/wp-content\/uploads\/2020\/10\/arbol-300x168.jpg 300w, https:\/\/lacasapolar.org\/wp-content\/uploads\/2020\/10\/arbol-768x430.jpg 768w, https:\/\/lacasapolar.org\/wp-content\/uploads\/2020\/10\/arbol-1536x859.jpg 1536w, https:\/\/lacasapolar.org\/wp-content\/uploads\/2020\/10\/arbol.jpg 1636w\" sizes=\"(max-width: 1024px) 100vw, 1024px\" \/><\/figure><\/li><\/ul><\/figure>\n\n\n\n<div class=\"wp-block-group alignwide\"><div class=\"wp-block-group__inner-container is-layout-flow\">\n<div style=\"height:85px\" aria-hidden=\"true\" class=\"wp-block-spacer\"><\/div>\n\n\n\n<div class=\"wp-block-columns alignwide is-layout-flex wp-container-9\">\n<div class=\"wp-block-column is-layout-flow\">\n<h4 class=\"wp-block-heading\">\u00bfEn qu\u00e9 consiste el proyecto de la Casa Polar?<\/h4>\n\n\n\n<p>\u00bfCu\u00e1les son sus objetivos, su metodolog\u00eda y c\u00f3mo es su proceso de acompa\u00f1amiento?<\/p>\n\n\n\n<div class=\"wp-block-buttons is-layout-flex\">\n<div class=\"wp-block-button is-style-outline is-style-primary\"><a class=\"wp-block-button__link no-border-radius\" href=\"https:\/\/lacasapolar.org\/el-proyecto\/que-es-la-casa-polar\">\u00bfQu\u00e9 es la casa polar?<\/a><\/div>\n<\/div>\n<\/div>\n\n\n\n<div class=\"wp-block-column is-layout-flow\">\n<h4 class=\"wp-block-heading\">\u00bfQu\u00e9 requisitos hay que cumplir para quedarse?<\/h4>\n\n\n\n<p>\u00bfSe acepta a cualquier persona en La Casa Polar? \u00bfY si tengo necesidades especiales por motivos personales, religiosos, m\u00e9dicos o pol\u00edticos?<\/p>\n\n\n\n<div class=\"wp-block-buttons is-layout-flex\">\n<div class=\"wp-block-button is-style-outline is-style-primary\"><a class=\"wp-block-button__link no-border-radius\" href=\"https:\/\/lacasapolar.org\/el-proyecto\/requisitos-para-quedarse-en-la-casa-polar\">Requisitos para entrar<\/a><\/div>\n<\/div>\n<\/div>\n\n\n\n<div class=\"wp-block-column is-layout-flow\">\n<h4 class=\"wp-block-heading\">\u00bfCu\u00e1l es el proceso de entrada a La Casa?<\/h4>\n\n\n\n<p>\u00bfC\u00f3mo puedo solicitar mi entrada en La Casa Polar? \u00bfCon qui\u00e9n tengo que hablar? \u00bfY si es para otra persona?<\/p>\n\n\n\n<div class=\"wp-block-buttons is-layout-flex\">\n<div class=\"wp-block-button is-style-outline is-style-primary\"><a class=\"wp-block-button__link no-border-radius\" href=\"https:\/\/lacasapolar.org\/el-proyecto\/proceso-de-entrada-a-la-casa\">Proceso de entrada a La Casa<\/a><\/div>\n<\/div>\n<\/div>\n<\/div>\n\n\n\n<div style=\"height:100px\" aria-hidden=\"true\" class=\"wp-block-spacer\"><\/div>\n\n\n\n<div class=\"wp-block-columns alignwide is-layout-flex wp-container-15\">\n<div class=\"wp-block-column is-layout-flow\">\n<h4 class=\"wp-block-heading\">Voluntades anticipadas<\/h4>\n\n\n\n<p>\u00bfC\u00f3mo te gustar\u00eda que se gestionase tu salud mental? Cada persona es experta en su propia experiencia.<\/p>\n\n\n\n<div class=\"wp-block-buttons is-layout-flex\">\n<div class=\"wp-block-button is-style-outline is-style-primary\"><a class=\"wp-block-button__link no-border-radius\" href=\"https:\/\/lacasapolar.org\/voluntades-anticipadas\">VOLUNTADES ANTICIPADAS<\/a><\/div>\n<\/div>\n<\/div>\n\n\n\n<div class=\"wp-block-column is-layout-flow\">\n<h4 class=\"wp-block-heading\">La Casa<\/h4>\n\n\n\n<p>\u00bfC\u00f3mo ser\u00e1 la casa? \u00bfD\u00f3nde estar\u00e1? \u00bfDe qu\u00e9 espacios dispondr\u00eda?<\/p>\n\n\n\n<div class=\"wp-block-buttons is-layout-flex\">\n<div class=\"wp-block-button is-style-outline is-style-primary\"><a class=\"wp-block-button__link no-border-radius\" href=\"https:\/\/lacasapolar.org\/el-proyecto\/la-casa\">La Casa<\/a><\/div>\n<\/div>\n<\/div>\n\n\n\n<div class=\"wp-block-column is-layout-flow\"><\/div>\n<\/div>\n<\/div><\/div>\n\n\n\n<p><\/p>\n","protected":false},"excerpt":{"rendered":"<p>\u00bfEn qu\u00e9 consiste el proyecto de la Casa Polar? \u00bfCu\u00e1les son sus objetivos, su metodolog\u00eda y c\u00f3mo es su proceso de acompa\u00f1amiento? \u00bfQu\u00e9 requisitos hay que cumplir para quedarse? \u00bfSe acepta a cualquier persona en La Casa Polar? \u00bfY si tengo necesidades especiales por motivos personales, religiosos, m\u00e9dicos o pol\u00edticos? \u00bfCu\u00e1l es el proceso de&hellip;&nbsp;<a href=\"https:\/\/lacasapolar.org\/es\/el-proyecto\" class=\"\" rel=\"bookmark\">Leer m\u00e1s &raquo;<span class=\"screen-reader-text\">EL PROYECTO<\/span><\/a><\/p>\n","protected":false},"author":1,"featured_media":0,"parent":0,"menu_order":0,"comment_status":"closed","ping_status":"closed","template":"","meta":{"_eb_attr":"","_uag_custom_page_level_css":"","_monsterinsights_skip_tracking":false,"_monsterinsights_sitenote_active":false,"_monsterinsights_sitenote_note":"","_monsterinsights_sitenote_category":0,"neve_meta_sidebar":"","neve_meta_container":"default","neve_meta_enable_content_width":"off","neve_meta_content_width":70,"neve_meta_title_alignment":"","neve_meta_author_avatar":"","neve_post_elements_order":"","neve_meta_disable_header":"","neve_meta_disable_footer":"","neve_meta_disable_title":"on","_themeisle_gutenberg_block_has_review":false},"uagb_featured_image_src":{"full":false,"thumbnail":false,"medium":false,"medium_large":false,"large":false,"1536x1536":false,"2048x2048":false,"neve-blog":false},"uagb_author_info":{"display_name":"La Casa Polar","author_link":"https:\/\/lacasapolar.org\/es\/author\/casapolaradmin"},"uagb_comment_info":0,"uagb_excerpt":"\u00bfEn qu\u00e9 consiste el proyecto de la Casa Polar? \u00bfCu\u00e1les son sus objetivos, su metodolog\u00eda y c\u00f3mo es su proceso de acompa\u00f1amiento? \u00bfQu\u00e9 requisitos hay que cumplir para quedarse? \u00bfSe acepta a cualquier persona en La Casa Polar? \u00bfY si tengo necesidades especiales por motivos personales, religiosos, m\u00e9dicos o pol\u00edticos? \u00bfCu\u00e1l es el proceso de&hellip;&nbsp;Leer&hellip;","_links":{"self":[{"href":"https:\/\/lacasapolar.org\/es\/wp-json\/wp\/v2\/pages\/115"}],"collection":[{"href":"https:\/\/lacasapolar.org\/es\/wp-json\/wp\/v2\/pages"}],"about":[{"href":"https:\/\/lacasapolar.org\/es\/wp-json\/wp\/v2\/types\/page"}],"author":[{"embeddable":true,"href":"https:\/\/lacasapolar.org\/es\/wp-json\/wp\/v2\/users\/1"}],"replies":[{"embeddable":true,"href":"https:\/\/lacasapolar.org\/es\/wp-json\/wp\/v2\/comments?post=115"}],"version-history":[{"count":46,"href":"https:\/\/lacasapolar.org\/es\/wp-json\/wp\/v2\/pages\/115\/revisions"}],"predecessor-version":[{"id":764,"href":"https:\/\/lacasapolar.org\/es\/wp-json\/wp\/v2\/pages\/115\/revisions\/764"}],"wp:attachment":[{"href":"https:\/\/lacasapolar.org\/es\/wp-json\/wp\/v2\/media?parent=115"}],"curies":[{"name":"wp","href":"https:\/\/api.w.org\/{rel}","templated":true}]}}