{"id":1175,"date":"2021-10-29T09:25:55","date_gmt":"2021-10-29T09:25:55","guid":{"rendered":"https:\/\/lacasapolar.org\/home"},"modified":"2021-10-29T09:34:51","modified_gmt":"2021-10-29T09:34:51","slug":"home","status":"publish","type":"page","link":"https:\/\/lacasapolar.org\/en","title":{"rendered":"Home"},"content":{"rendered":"\n<div class=\"wp-block-themeisle-blocks-advanced-columns alignfull has-1-columns has-desktop-equal-layout has-tablet-equal-layout has-mobile-equal-layout has-wide-gap has-vertical-center ticss-cb2dea60\" id=\"particles-bg\"><div class=\"wp-block-themeisle-blocks-advanced-columns-overlay\"><\/div><div class=\"innerblocks-wrap\">\n<div class=\"wp-block-themeisle-blocks-advanced-column ticss-772a8d7e\" id=\"wp-block-themeisle-blocks-advanced-column-d0923845\">\n<h1 class=\"has-text-align-center has-black-color has-text-color wp-block-heading\">Help us get it started!<\/h1>\n\n\n\n<p class=\"has-text-align-center has-black-color has-text-color\">La Casa Polar is a pioneering not-for-profit project accompanying people going through situations of extreme crisis who want to avoid a psychiatric hospitalization. &#13;\n<\/p>\n\n\n\n<p class=\"has-text-align-center\"><\/p>\n\n\n\n<div id=\"wp-block-themeisle-blocks-button-group-089c65f7\" class=\"wp-block-themeisle-blocks-button-group collapse-mobile wp-block-buttons align-center ticss-9bbd30b8\"><div id=\"wp-block-themeisle-blocks-button-c5161ab0\" class=\"wp-block-themeisle-blocks-button wp-block-button ticss-9de518df\"><a href=\"https:\/\/lacasapolar.org\/en\/collaborate\" target=\"_self\" rel=\"noopener noreferrer\" class=\"wp-block-button__link\"><span>COLLABORATE<\/span><\/a><\/div>\r\n\n\n<div id=\"wp-block-themeisle-blocks-button-b7840673\" class=\"wp-block-themeisle-blocks-button wp-block-button\"><a href=\"https:\/\/lacasapolar.org\/en\/contact\" target=\"_self\" rel=\"noopener noreferrer\" class=\"wp-block-button__link\"><span>CONTACT<\/span><\/a><\/div>\r\n<\/div>\n<\/div>\n<\/div><\/div>\n\n<div style=\"height:80px\" aria-hidden=\"true\" class=\"wp-block-spacer\"><\/div>\n<figure class=\"wp-block-embed aligncenter is-type-video is-provider-youtube wp-block-embed-youtube ticss-91af5f8b wp-embed-aspect-16-9 wp-has-aspect-ratio\"><div class=\"wp-block-embed__wrapper\">\r\n<div class=\"nv-iframe-embed\"><iframe loading=\"lazy\" title=\"LA CASA POLAR\" width=\"1200\" height=\"675\" src=\"https:\/\/www.youtube.com\/embed\/hpnyp9u85Mo?feature=oembed\" frameborder=\"0\" allow=\"accelerometer; autoplay; clipboard-write; encrypted-media; gyroscope; picture-in-picture\" allowfullscreen><\/iframe><\/div>\r\n<\/div><\/figure>\r\n\n<div style=\"height:80px\" aria-hidden=\"true\" class=\"wp-block-spacer\"><\/div>\n\n<div class=\"wp-block-themeisle-blocks-advanced-columns alignfull has-3-columns has-desktop-equal-layout has-tablet-equal-layout has-mobile-collapsedRows-layout has-wide-gap has-vertical-center\" id=\"wp-block-themeisle-blocks-advanced-columns-d68eee3c\"><div class=\"wp-block-themeisle-blocks-advanced-columns-overlay\"><\/div><div class=\"innerblocks-wrap\">\n<div class=\"wp-block-themeisle-blocks-advanced-column\" id=\"wp-block-themeisle-blocks-advanced-column-80f0db44\">\n<div class=\"wp-block-themeisle-blocks-service\"><p class=\"wp-block-themeisle-blocks-font-awesome-icons\" id=\"wp-block-themeisle-blocks-font-awesome-icons-04671cf8\"><span class=\"wp-block-themeisle-blocks-font-awesome-icons-container\"><i class=\"fas fa-praying-hands\"><\/i><\/span><\/p>\r\n\n\n<h3 id=\"wp-block-themeisle-blocks-advanced-heading-9ce62e7d\" class=\"wp-block-themeisle-blocks-advanced-heading wp-block-themeisle-blocks-advanced-heading-9ce62e7d\">Accommodation<\/h3>\r\n\n\n<p id=\"wp-block-themeisle-blocks-advanced-heading-4d9cde9e\" class=\"wp-block-themeisle-blocks-advanced-heading wp-block-themeisle-blocks-advanced-heading-4d9cde9e\">A homey atmosphere with open space in a natural environment<\/p>\r\n<\/div>\n<\/div>\n\n\n\n<div class=\"wp-block-themeisle-blocks-advanced-column\" id=\"wp-block-themeisle-blocks-advanced-column-75651b0e\"><p class=\"wp-block-themeisle-blocks-font-awesome-icons\" id=\"wp-block-themeisle-blocks-font-awesome-icons-7b11599f\"><span class=\"wp-block-themeisle-blocks-font-awesome-icons-container\"><i class=\"fas fa-hands-wash\"><\/i><\/span><\/p>\r\n\n\n<h3 id=\"wp-block-themeisle-blocks-advanced-heading-e574c793\" class=\"wp-block-themeisle-blocks-advanced-heading wp-block-themeisle-blocks-advanced-heading-e574c793\">Accompaniment<\/h3>\r\n\n\n<p id=\"wp-block-themeisle-blocks-advanced-heading-77ddd0de\" class=\"wp-block-themeisle-blocks-advanced-heading wp-block-themeisle-blocks-advanced-heading-77ddd0de\">Respectful, mutual support between equals, tailored to each person and situation<br><\/p>\r\n<\/div>\n\n\n\n<div class=\"wp-block-themeisle-blocks-advanced-column\" id=\"wp-block-themeisle-blocks-advanced-column-27094f67\"><p class=\"wp-block-themeisle-blocks-font-awesome-icons\" id=\"wp-block-themeisle-blocks-font-awesome-icons-ee4b6d4b\"><span class=\"wp-block-themeisle-blocks-font-awesome-icons-container\"><i class=\"fas fa-hands\"><\/i><\/span><\/p>\r\n\n\n<h3 id=\"wp-block-themeisle-blocks-advanced-heading-868c0873\" class=\"wp-block-themeisle-blocks-advanced-heading wp-block-themeisle-blocks-advanced-heading-868c0873\">Tranquillity<\/h3>\r\n\n\n<p id=\"wp-block-themeisle-blocks-advanced-heading-a1a200dc\" class=\"wp-block-themeisle-blocks-advanced-heading wp-block-themeisle-blocks-advanced-heading-a1a200dc>&#8220;We create a safe and trusting space to help people to find their own resources<br><\/p>\r\n<\/div>\n<\/div><\/div>\n\n<div style=\"height:100px\" aria-hidden=\"true\" class=\"wp-block-spacer\"><\/div>\n\n<div class=\"wp-block-uagb-testimonial uagb-testomonial__outer-wrap uagb-slick-carousel uagb-tm__arrow-outside uagb-block-52178b1f\"><div class=\"is-carousel uagb-tm__columns-1 uagb-tm__items\"><div class=\"uagb-testimonial__wrap  uagb-tm__imgicon-style-circle uagb-tm__image-position-bottom uagb-tm__bg-type-undefined \"><div class=\"uagb-tm__content\"><div class=\"uagb-tm__overlay\"><\/div><div class=\"uagb-tm__text-wrap\"><div class=\"uagb-testinomial-text-wrap\"><div class=\"uagb-tm__desc\"><br\/><br\/><br\/>Sentir que las personas que me acompa\u00f1an saben de qu\u00e9 les hablo por sus propias experiencias, me hace sentir much\u00edsimo m\u00e1s tranquila y comprendida<\/div><\/div><div class=\"uagb-tm__meta\"><div class=\"uagb-tm__meta-inner\"><div class=\"uagb-testimonial-details\"><span class=\"uagb-tm__author-name\">Persona usuaria de Afiya<\/span><span class=\"uagb-tm__company\">Casa de crisis, EEUU<\/span><\/div><\/div><\/div><\/div><\/div><\/div><div class=\"uagb-testimonial__wrap  uagb-tm__imgicon-style-circle uagb-tm__image-position-bottom uagb-tm__bg-type-undefined \"><div class=\"uagb-tm__content\"><div class=\"uagb-tm__overlay\"><\/div><div class=\"uagb-tm__text-wrap\"><div class=\"uagb-testinomial-text-wrap\"><div class=\"uagb-tm__desc\"><br\/>La base simplemente es el respeto por el individuo y un enfoque en sus posibilidades. El concepto de enfermedad mental se descarta, mientras se reconoce la importancia de recibir la ayuda adecuada para que la vida vuelva a avanzar<\/div><\/div><div class=\"uagb-tm__meta\"><div class=\"uagb-tm__meta-inner\"><div class=\"uagb-testimonial-details\"><span class=\"uagb-tm__author-name\">Persona usuaria de Weglaufhaus<\/span><span class=\"uagb-tm__company\">Casa de crisis, Alemania<\/span><\/div><\/div><\/div><\/div><\/div><\/div><div class=\"uagb-testimonial__wrap  uagb-tm__imgicon-style-circle uagb-tm__image-position-bottom uagb-tm__bg-type-undefined \"><div class=\"uagb-tm__content\"><div class=\"uagb-tm__overlay\"><\/div><div class=\"uagb-tm__text-wrap\"><div class=\"uagb-testinomial-text-wrap\"><div class=\"uagb-tm__desc\"><br\/>Al principio quer\u00eda hacerme da\u00f1o constantemente. Ellas me ayudaron a canalizar ese dolor de otras formas. Me escuchaban, me comprend\u00edan y no se asustaban de lo que les contaba. Las \u00faltimas veces que he auto ingresado aqu\u00ed ni siquiera he pensado en cortarme<\/div><\/div><div class=\"uagb-tm__meta\"><div class=\"uagb-tm__meta-inner\"><div class=\"uagb-testimonial-details\"><span class=\"uagb-tm__author-name\">Persona usuaria de Dryton Park<\/span><span class=\"uagb-tm__company\">Casa de crisis, Inglaterra<\/span><\/div><\/div><\/div><\/div><\/div><\/div><div class=\"uagb-testimonial__wrap  uagb-tm__imgicon-style-circle uagb-tm__image-position-bottom uagb-tm__bg-type-undefined \"><div class=\"uagb-tm__content\"><div class=\"uagb-tm__overlay\"><\/div><div class=\"uagb-tm__text-wrap\"><div class=\"uagb-testinomial-text-wrap\"><div class=\"uagb-tm__desc\">Las personas usuarias vienen de un sistema antiguo donde se les ha dicho que est\u00e1n locas y se les da medicaci\u00f3n. Con nuestra filosof\u00eda, reducimos, reducimos, reducimos el uso de la medicaci\u00f3n y podemos ver, dig\u00e1moslo as\u00ed, el despertar de las personas, de todas ellas.<\/div><\/div><div class=\"uagb-tm__meta\"><div class=\"uagb-tm__meta-inner\"><div class=\"uagb-testimonial-details\"><span class=\"uagb-tm__author-name\">Acompa\u00f1ante de Anima Home<\/span><span class=\"uagb-tm__company\">Grecia<\/span><\/div><\/div><\/div><\/div><\/div><\/div><div class=\"uagb-testimonial__wrap  uagb-tm__imgicon-style-circle uagb-tm__image-position-bottom uagb-tm__bg-type-undefined \"><div class=\"uagb-tm__content\"><div class=\"uagb-tm__overlay\"><\/div><div class=\"uagb-tm__text-wrap\"><div class=\"uagb-testinomial-text-wrap\"><div class=\"uagb-tm__desc\"><br\/>Si tratas a una persona como una paciente o una persona enferma, ese es el rol que tomar\u00e1. Si les tratas simplemente con su propia personalidad, y tratas de conocerlas, as\u00ed como har\u00edas con una nueva amistad, en tu c\u00edrculo social, sacas mejores cosas. Las personas no son enfermedades.<\/div><\/div><div class=\"uagb-tm__meta\"><div class=\"uagb-tm__meta-inner\"><div class=\"uagb-testimonial-details\"><span class=\"uagb-tm__author-name\">Voluntaria de Anima Home<\/span><span class=\"uagb-tm__company\">Grecia<\/span><\/div><\/div><\/div><\/div><\/div><\/div><div class=\"uagb-testimonial__wrap  uagb-tm__imgicon-style-circle uagb-tm__image-position-bottom uagb-tm__bg-type-undefined \"><div class=\"uagb-tm__content\"><div class=\"uagb-tm__overlay\"><\/div><div class=\"uagb-tm__text-wrap\"><div class=\"uagb-testinomial-text-wrap\"><div class=\"uagb-tm__desc\">Creo que es lo que la gente m\u00e1s teme, creen que ser diferente es peligroso, una amenaza. Y esto no es as\u00ed.<\/div><\/div><div class=\"uagb-tm__meta\"><div class=\"uagb-tm__meta-inner\"><div class=\"uagb-testimonial-details\"><span class=\"uagb-tm__author-name\">Acompa\u00f1ante de Anima Home<\/span><span class=\"uagb-tm__company\">Grecia<\/span><\/div><\/div><\/div><\/div><\/div><\/div><\/div><\/div>\n\n<p><\/p>\n","protected":false},"excerpt":{"rendered":"","protected":false},"author":1,"featured_media":0,"parent":0,"menu_order":0,"comment_status":"closed","ping_status":"closed","template":"page-templates\/template-pagebuilder-full-width.php","meta":{"_eb_attr":"","_uag_custom_page_level_css":"","_monsterinsights_skip_tracking":false,"_monsterinsights_sitenote_active":false,"_monsterinsights_sitenote_note":"","_monsterinsights_sitenote_category":0,"neve_meta_sidebar":"full-width","neve_meta_container":"","neve_meta_enable_content_width":"off","neve_meta_content_width":30,"neve_meta_title_alignment":"","neve_meta_author_avatar":"","neve_post_elements_order":"","neve_meta_disable_header":"","neve_meta_disable_footer":"","neve_meta_disable_title":"on","_themeisle_gutenberg_block_has_review":false},"uagb_featured_image_src":{"full":false,"thumbnail":false,"medium":false,"medium_large":false,"large":false,"1536x1536":false,"2048x2048":false,"neve-blog":false},"uagb_author_info":{"display_name":"La Casa Polar","author_link":"https:\/\/lacasapolar.org\/en\/author\/casapolaradmin"},"uagb_comment_info":0,"uagb_excerpt":null,"_links":{"self":[{"href":"https:\/\/lacasapolar.org\/en\/wp-json\/wp\/v2\/pages\/1175"}],"collection":[{"href":"https:\/\/lacasapolar.org\/en\/wp-json\/wp\/v2\/pages"}],"about":[{"href":"https:\/\/lacasapolar.org\/en\/wp-json\/wp\/v2\/types\/page"}],"author":[{"embeddable":true,"href":"https:\/\/lacasapolar.org\/en\/wp-json\/wp\/v2\/users\/1"}],"replies":[{"embeddable":true,"href":"https:\/\/lacasapolar.org\/en\/wp-json\/wp\/v2\/comments?post=1175"}],"version-history":[{"count":3,"href":"https:\/\/lacasapolar.org\/en\/wp-json\/wp\/v2\/pages\/1175\/revisions"}],"predecessor-version":[{"id":1178,"href":"https:\/\/lacasapolar.org\/en\/wp-json\/wp\/v2\/pages\/1175\/revisions\/1178"}],"wp:attachment":[{"href":"https:\/\/lacasapolar.org\/en\/wp-json\/wp\/v2\/media?parent=1175"}],"curies":[{"name":"wp","href":"https:\/\/api.w.org\/{rel}","templated":true}]}}