{"id":1122,"date":"2021-04-24T17:21:27","date_gmt":"2021-04-24T17:21:27","guid":{"rendered":"https:\/\/lacasapolar.org\/team"},"modified":"2021-04-24T17:21:27","modified_gmt":"2021-04-24T17:21:27","slug":"team","status":"publish","type":"page","link":"https:\/\/lacasapolar.org\/en\/team","title":{"rendered":"Team"},"content":{"rendered":"\n<div class=\"wp-block-cover alignfull has-white-background-color has-background-dim ticss-218b74c9\" style=\"min-height:240px\" id=\"particles-bg\"><div class=\"wp-block-cover__inner-container\">\n<h1 class=\"has-text-align-center has-black-color has-text-color wp-block-heading\">The Team<\/h1>\n<\/div><\/div>\n\n<div style=\"height:100px\" aria-hidden=\"true\" class=\"wp-block-spacer\"><\/div>\n\n<div class=\"wp-block-columns is-layout-flex wp-container-4\">\n<div class=\"wp-block-column is-layout-flow\"><\/div>\n\n\n\n<div class=\"wp-block-column is-layout-flow\">\n<figure class=\"wp-block-image size-large\"><img decoding=\"async\" loading=\"lazy\" width=\"590\" height=\"587\" src=\"https:\/\/lacasapolar.org\/wp-content\/uploads\/2020\/10\/Vero.png\" alt=\"\" class=\"wp-image-493\" srcset=\"https:\/\/lacasapolar.org\/wp-content\/uploads\/2020\/10\/Vero.png 590w, https:\/\/lacasapolar.org\/wp-content\/uploads\/2020\/10\/Vero-300x298.png 300w, https:\/\/lacasapolar.org\/wp-content\/uploads\/2020\/10\/Vero-150x150.png 150w\" sizes=\"(max-width: 590px) 100vw, 590px\" \/><\/figure>\n\n\n<h4 class=\"has-text-align-center wp-block-heading\">Ver\u00f3nica <\/h4>\n\n\n\n<hr class=\"wp-block-separator\"\/>\n<\/div>\n\n\n\n<div class=\"wp-block-column is-layout-flow\"><\/div>\n<\/div>\n\n<div class=\"wp-block-columns is-layout-flex wp-container-8\">\n<div class=\"wp-block-column is-layout-flow\">\n<figure class=\"wp-block-image size-large\"><img decoding=\"async\" loading=\"lazy\" width=\"590\" height=\"587\" src=\"https:\/\/lacasapolar.org\/wp-content\/uploads\/2020\/10\/Lucia.png\" alt=\"\" class=\"wp-image-491\" srcset=\"https:\/\/lacasapolar.org\/wp-content\/uploads\/2020\/10\/Lucia.png 590w, https:\/\/lacasapolar.org\/wp-content\/uploads\/2020\/10\/Lucia-300x298.png 300w, https:\/\/lacasapolar.org\/wp-content\/uploads\/2020\/10\/Lucia-150x150.png 150w\" sizes=\"(max-width: 590px) 100vw, 590px\" \/><\/figure>\n\n\n<h4 class=\"has-text-align-center wp-block-heading\">Luc\u00eda <\/h4>\n\n\n\n<p class=\"has-text-align-center\"><\/p>\n\n\n\n<hr class=\"wp-block-separator\"\/>\n<\/div>\n\n\n\n<div class=\"wp-block-column is-layout-flow\">\n<figure class=\"wp-block-image size-large\"><img decoding=\"async\" loading=\"lazy\" width=\"590\" height=\"587\" src=\"https:\/\/lacasapolar.org\/wp-content\/uploads\/2020\/10\/manolo.png\" alt=\"\" class=\"wp-image-495\" srcset=\"https:\/\/lacasapolar.org\/wp-content\/uploads\/2020\/10\/manolo.png 590w, https:\/\/lacasapolar.org\/wp-content\/uploads\/2020\/10\/manolo-300x298.png 300w, https:\/\/lacasapolar.org\/wp-content\/uploads\/2020\/10\/manolo-150x150.png 150w\" sizes=\"(max-width: 590px) 100vw, 590px\" \/><\/figure>\n\n\n<h4 class=\"has-text-align-center wp-block-heading\">Manuel <\/h4>\n\n\n\n<p class=\"has-text-align-center\"><\/p>\n\n\n\n<hr class=\"wp-block-separator\"\/>\n<\/div>\n\n\n\n<div class=\"wp-block-column is-layout-flow\">\n<figure class=\"wp-block-image size-large\"><img decoding=\"async\" loading=\"lazy\" width=\"590\" height=\"587\" src=\"https:\/\/lacasapolar.org\/wp-content\/uploads\/2020\/10\/pilar.png\" alt=\"\" class=\"wp-image-492\" srcset=\"https:\/\/lacasapolar.org\/wp-content\/uploads\/2020\/10\/pilar.png 590w, https:\/\/lacasapolar.org\/wp-content\/uploads\/2020\/10\/pilar-300x298.png 300w, https:\/\/lacasapolar.org\/wp-content\/uploads\/2020\/10\/pilar-150x150.png 150w\" sizes=\"(max-width: 590px) 100vw, 590px\" \/><\/figure>\n\n\n<h4 class=\"has-text-align-center wp-block-heading\">Pilar <\/h4>\n\n\n\n<p class=\"has-text-align-center\"><\/p>\n\n\n\n<hr class=\"wp-block-separator\"\/>\n<\/div>\n<\/div>\n\n<div class=\"wp-block-columns is-layout-flex wp-container-12\">\n<div class=\"wp-block-column is-layout-flow\">\n<figure class=\"wp-block-image size-large\"><img decoding=\"async\" loading=\"lazy\" width=\"590\" height=\"587\" src=\"https:\/\/lacasapolar.org\/wp-content\/uploads\/2020\/10\/Iago.png\" alt=\"\" class=\"wp-image-489\" srcset=\"https:\/\/lacasapolar.org\/wp-content\/uploads\/2020\/10\/Iago.png 590w, https:\/\/lacasapolar.org\/wp-content\/uploads\/2020\/10\/Iago-300x298.png 300w, https:\/\/lacasapolar.org\/wp-content\/uploads\/2020\/10\/Iago-150x150.png 150w\" sizes=\"(max-width: 590px) 100vw, 590px\" \/><\/figure>\n\n\n<h4 class=\"has-text-align-center wp-block-heading\">Iago<\/h4>\n\n\n\n<p class=\"has-text-align-center\"><\/p>\n\n\n\n<hr class=\"wp-block-separator\"\/>\n<\/div>\n\n\n\n<div class=\"wp-block-column is-layout-flow\">\n<figure class=\"wp-block-image size-large\"><img decoding=\"async\" loading=\"lazy\" width=\"590\" height=\"587\" src=\"https:\/\/lacasapolar.org\/wp-content\/uploads\/2020\/10\/Lidia.png\" alt=\"\" class=\"wp-image-490\" srcset=\"https:\/\/lacasapolar.org\/wp-content\/uploads\/2020\/10\/Lidia.png 590w, https:\/\/lacasapolar.org\/wp-content\/uploads\/2020\/10\/Lidia-300x298.png 300w, https:\/\/lacasapolar.org\/wp-content\/uploads\/2020\/10\/Lidia-150x150.png 150w\" sizes=\"(max-width: 590px) 100vw, 590px\" \/><\/figure>\n\n\n<h4 class=\"has-text-align-center wp-block-heading\">Lidia<\/h4>\n\n\n\n<p class=\"has-text-align-center\"><\/p>\n\n\n\n<hr class=\"wp-block-separator\"\/>\n<\/div>\n\n\n\n<div class=\"wp-block-column is-layout-flow\">\n<figure class=\"wp-block-image size-large\"><img decoding=\"async\" loading=\"lazy\" width=\"590\" height=\"587\" src=\"https:\/\/lacasapolar.org\/wp-content\/uploads\/2020\/10\/German.png\" alt=\"\" class=\"wp-image-488\" srcset=\"https:\/\/lacasapolar.org\/wp-content\/uploads\/2020\/10\/German.png 590w, https:\/\/lacasapolar.org\/wp-content\/uploads\/2020\/10\/German-300x298.png 300w, https:\/\/lacasapolar.org\/wp-content\/uploads\/2020\/10\/German-150x150.png 150w\" sizes=\"(max-width: 590px) 100vw, 590px\" \/><\/figure>\n\n\n<h4 class=\"has-text-align-center wp-block-heading\">Germ\u00e1n <\/h4>\n\n\n\n<p class=\"has-text-align-center\"><\/p>\n\n\n\n<hr class=\"wp-block-separator\"\/>\n<\/div>\n<\/div>\n\n<div class=\"wp-block-columns is-layout-flex wp-container-16\">\n<div class=\"wp-block-column is-layout-flow\"><\/div>\n\n\n\n<div class=\"wp-block-column is-layout-flow\"><\/div>\n\n\n\n<div class=\"wp-block-column is-layout-flow\"><\/div>\n<\/div>\n\n<p><\/p>\n","protected":false},"excerpt":{"rendered":"<p>Ver\u00f3nica Luc\u00eda Manuel Pilar Iago Lidia Germ\u00e1n<\/p>\n","protected":false},"author":1,"featured_media":0,"parent":0,"menu_order":0,"comment_status":"closed","ping_status":"closed","template":"","meta":{"_eb_attr":"","_uag_custom_page_level_css":"","_monsterinsights_skip_tracking":false,"_monsterinsights_sitenote_active":false,"_monsterinsights_sitenote_note":"","_monsterinsights_sitenote_category":0,"neve_meta_sidebar":"full-width","neve_meta_container":"","neve_meta_enable_content_width":"on","neve_meta_content_width":100,"neve_meta_title_alignment":"","neve_meta_author_avatar":"","neve_post_elements_order":"","neve_meta_disable_header":"","neve_meta_disable_footer":"","neve_meta_disable_title":"on","_themeisle_gutenberg_block_has_review":false},"uagb_featured_image_src":{"full":false,"thumbnail":false,"medium":false,"medium_large":false,"large":false,"1536x1536":false,"2048x2048":false,"neve-blog":false},"uagb_author_info":{"display_name":"La Casa Polar","author_link":"https:\/\/lacasapolar.org\/en\/author\/casapolaradmin"},"uagb_comment_info":0,"uagb_excerpt":"Ver\u00f3nica Luc\u00eda Manuel Pilar Iago Lidia Germ\u00e1n","_links":{"self":[{"href":"https:\/\/lacasapolar.org\/en\/wp-json\/wp\/v2\/pages\/1122"}],"collection":[{"href":"https:\/\/lacasapolar.org\/en\/wp-json\/wp\/v2\/pages"}],"about":[{"href":"https:\/\/lacasapolar.org\/en\/wp-json\/wp\/v2\/types\/page"}],"author":[{"embeddable":true,"href":"https:\/\/lacasapolar.org\/en\/wp-json\/wp\/v2\/users\/1"}],"replies":[{"embeddable":true,"href":"https:\/\/lacasapolar.org\/en\/wp-json\/wp\/v2\/comments?post=1122"}],"version-history":[{"count":1,"href":"https:\/\/lacasapolar.org\/en\/wp-json\/wp\/v2\/pages\/1122\/revisions"}],"predecessor-version":[{"id":1123,"href":"https:\/\/lacasapolar.org\/en\/wp-json\/wp\/v2\/pages\/1122\/revisions\/1123"}],"wp:attachment":[{"href":"https:\/\/lacasapolar.org\/en\/wp-json\/wp\/v2\/media?parent=1122"}],"curies":[{"name":"wp","href":"https:\/\/api.w.org\/{rel}","templated":true}]}}