{"id":1103,"date":"2021-04-19T09:32:38","date_gmt":"2021-04-19T09:32:38","guid":{"rendered":"https:\/\/lacasapolar.org\/collaborate"},"modified":"2022-01-24T18:32:40","modified_gmt":"2022-01-24T18:32:40","slug":"collaborate","status":"publish","type":"page","link":"https:\/\/lacasapolar.org\/en\/collaborate","title":{"rendered":"Collaborate!"},"content":{"rendered":"\n<div class=\"wp-block-cover alignfull has-white-background-color has-background-dim ticss-6e09fab0\" style=\"min-height:249px\" id=\"particles-bg\"><div class=\"wp-block-cover__inner-container\">\n<h1 class=\"has-text-align-center has-black-color has-text-color wp-block-heading\">Collaborate!<\/h1>\n<\/div><\/div>\n\n<div style=\"height:100px\" aria-hidden=\"true\" class=\"wp-block-spacer\"><\/div>\n\n<div class=\"wp-block-media-text alignwide is-stacked-on-mobile\"><figure class=\"wp-block-media-text__media\"><img decoding=\"async\" loading=\"lazy\" width=\"1024\" height=\"576\" src=\"https:\/\/lacasapolar.org\/wp-content\/uploads\/2020\/12\/economicamente-PLASTILINAS-1024x576.png\" alt=\"\" class=\"wp-image-683 size-full\" srcset=\"https:\/\/lacasapolar.org\/wp-content\/uploads\/2020\/12\/economicamente-PLASTILINAS-1024x576.png 1024w, https:\/\/lacasapolar.org\/wp-content\/uploads\/2020\/12\/economicamente-PLASTILINAS-300x169.png 300w, https:\/\/lacasapolar.org\/wp-content\/uploads\/2020\/12\/economicamente-PLASTILINAS-768x432.png 768w, https:\/\/lacasapolar.org\/wp-content\/uploads\/2020\/12\/economicamente-PLASTILINAS-1536x864.png 1536w, https:\/\/lacasapolar.org\/wp-content\/uploads\/2020\/12\/economicamente-PLASTILINAS.png 1600w\" sizes=\"(max-width: 1024px) 100vw, 1024px\" \/><\/figure><div class=\"wp-block-media-text__content\">\n<div style=\"height:122px\" aria-hidden=\"true\" class=\"wp-block-spacer\"><\/div>\n\n\n\n<h2 class=\"wp-block-heading\">Economically<\/h2>\n\n\n\n<ul><li>You can make a direct, one-time <strong>transfer <\/strong> (or better yet, activate the \u201cregular transfer\u201d option on your account) to this account number: <em>IBAN ES57 1491 0001 253000129440<\/em> (Concept of the transfer: Your name and surname, ID and write \u201cDonation La Casa Polar Association\u201d)&#13;\n<\/li><li>You can also collaborate by donating 1\u20ac or more each month through <strong>Teaming<\/strong>, join Teaming by clicking <a rel=\"noreferrer noopener\" href=\"https:\/\/www.teaming.net\/lacasapolar\" target=\"_blank\">here<\/a>.<\/li><\/ul>\n\n\n<div style=\"height:108px\" aria-hidden=\"true\" class=\"wp-block-spacer\"><\/div>\n<\/div><\/div>\n\n<div class=\"wp-block-media-text alignwide has-media-on-the-right is-stacked-on-mobile\"><figure class=\"wp-block-media-text__media\"><img decoding=\"async\" loading=\"lazy\" width=\"1024\" height=\"576\" src=\"https:\/\/lacasapolar.org\/wp-content\/uploads\/2020\/12\/lacasaPLASTILINAS-1024x576.png\" alt=\"\" class=\"wp-image-681 size-full\" srcset=\"https:\/\/lacasapolar.org\/wp-content\/uploads\/2020\/12\/lacasaPLASTILINAS-1024x576.png 1024w, https:\/\/lacasapolar.org\/wp-content\/uploads\/2020\/12\/lacasaPLASTILINAS-300x169.png 300w, https:\/\/lacasapolar.org\/wp-content\/uploads\/2020\/12\/lacasaPLASTILINAS-768x432.png 768w, https:\/\/lacasapolar.org\/wp-content\/uploads\/2020\/12\/lacasaPLASTILINAS-1536x864.png 1536w, https:\/\/lacasapolar.org\/wp-content\/uploads\/2020\/12\/lacasaPLASTILINAS.png 1600w\" sizes=\"(max-width: 1024px) 100vw, 1024px\" \/><\/figure><div class=\"wp-block-media-text__content\">\n<div style=\"height:132px\" aria-hidden=\"true\" class=\"wp-block-spacer\"><\/div>\n\n\n\n<h2 class=\"wp-block-heading\">La Casa<\/h2>\n\n\n\n<p>La Casa Polar is looking for a place to call home and to develop this project. If you know of a place or hear of something, please get in touch.<\/p>\n\n\n\n<div class=\"wp-block-buttons is-layout-flex\">\n<div class=\"wp-block-button\"><a class=\"wp-block-button__link has-white-color has-neve-button-color-background-color has-text-color has-background\" href=\"https:\/\/lacasapolar.org\/en\/contact\" style=\"border-radius:3px\">Contact us<\/a><\/div>\n<\/div>\n\n\n\n<div style=\"height:135px\" aria-hidden=\"true\" class=\"wp-block-spacer\"><\/div>\n\n\n\n<p><\/p>\n<\/div><\/div>\n\n<div class=\"wp-block-media-text alignwide is-stacked-on-mobile\"><figure class=\"wp-block-media-text__media\"><img decoding=\"async\" loading=\"lazy\" width=\"1024\" height=\"576\" src=\"https:\/\/lacasapolar.org\/wp-content\/uploads\/2020\/12\/participaPLASTILINAS-1024x576.png\" alt=\"\" class=\"wp-image-684 size-full\" srcset=\"https:\/\/lacasapolar.org\/wp-content\/uploads\/2020\/12\/participaPLASTILINAS-1024x576.png 1024w, https:\/\/lacasapolar.org\/wp-content\/uploads\/2020\/12\/participaPLASTILINAS-300x169.png 300w, https:\/\/lacasapolar.org\/wp-content\/uploads\/2020\/12\/participaPLASTILINAS-768x432.png 768w, https:\/\/lacasapolar.org\/wp-content\/uploads\/2020\/12\/participaPLASTILINAS-1536x864.png 1536w, https:\/\/lacasapolar.org\/wp-content\/uploads\/2020\/12\/participaPLASTILINAS.png 2048w\" sizes=\"(max-width: 1024px) 100vw, 1024px\" \/><\/figure><div class=\"wp-block-media-text__content\">\n<div style=\"height:112px\" aria-hidden=\"true\" class=\"wp-block-spacer\"><\/div>\n\n\n\n<h2 class=\"wp-block-heading\">Get involved<\/h2>\n\n\n\n<ul><li>You can also join us on a voluntary basis by contributing your time, skills and knowledge. Your work and training can be very useful to us.&#13;\n<\/li><\/ul>\n\n\n<ul><li>If you are a formal entity, organization or collective that would like to support us, do not hesitate to write to us.<br\/> Contact: <a href=\"mailto:colabora@lacasapolar.org\">colabora@lacasapolar.org<\/a><\/li><\/ul>\n\n\n<div style=\"height:124px\" aria-hidden=\"true\" class=\"wp-block-spacer\"><\/div>\n<\/div><\/div>\n\n<div class=\"wp-block-media-text alignwide has-media-on-the-right is-stacked-on-mobile\"><figure class=\"wp-block-media-text__media\"><img decoding=\"async\" loading=\"lazy\" width=\"1024\" height=\"768\" src=\"https:\/\/lacasapolar.org\/wp-content\/uploads\/2020\/12\/difusionPLASTILINAS-1024x768.png\" alt=\"\" class=\"wp-image-682 size-full\" srcset=\"https:\/\/lacasapolar.org\/wp-content\/uploads\/2020\/12\/difusionPLASTILINAS-1024x768.png 1024w, https:\/\/lacasapolar.org\/wp-content\/uploads\/2020\/12\/difusionPLASTILINAS-300x225.png 300w, https:\/\/lacasapolar.org\/wp-content\/uploads\/2020\/12\/difusionPLASTILINAS-768x576.png 768w, https:\/\/lacasapolar.org\/wp-content\/uploads\/2020\/12\/difusionPLASTILINAS-1536x1152.png 1536w, https:\/\/lacasapolar.org\/wp-content\/uploads\/2020\/12\/difusionPLASTILINAS.png 1600w\" sizes=\"(max-width: 1024px) 100vw, 1024px\" \/><\/figure><div class=\"wp-block-media-text__content\">\n<div style=\"height:124px\" aria-hidden=\"true\" class=\"wp-block-spacer\"><\/div>\n\n\n\n<h2 class=\"wp-block-heading\">Publicity<\/h2>\n\n\n\n<p>Word of mouth publicity adds value! Follow us on social media and share the project.<\/p>\n\n\n\n<p>Tell people you know about La Casa Polar, and what we want to do and why. We just never know how far our voices can travel and for this reason we believe in word of mouth publicity.<\/p>\n\n\n\n<p>If you are involved with any media, magazine, or radio program &#8230; and you would like to contact us to talk about this project, do not hesitate to write us!&#13;\n<\/p>\n\n\n\n<div style=\"height:123px\" aria-hidden=\"true\" class=\"wp-block-spacer\"><\/div>\n<\/div><\/div>\n\n<p class=\"has-text-align-center has-medium-font-size\">\u00a0\u00a0<strong>\u00a0\u00a0Help us make La Casa Polar a reality!<\/strong><\/p>\n\n<div style=\"height:75px\" aria-hidden=\"true\" class=\"wp-block-spacer\"><\/div>\n\n<p class=\"has-text-align-center\">IF YOU HAVE ANY QUESTIONS OR IDEAS ABOUT HOW YOU COULD HELP, WRITE TO:<br\/><br\/><a href=\"mailto:colabora@lacasapolar.org\">colabora@lacasapolar.org<\/a> &#13;\n<\/p>\n\n<h2 class=\"has-text-align-center wp-block-heading\"><\/h2>\n\n<div style=\"height:75px\" aria-hidden=\"true\" class=\"wp-block-spacer\"><\/div>\n\n<h4 class=\"has-text-align-center wp-block-heading\">APPRECIATION, COLLABORATION, INSPIRATION AND OUR SUPPORT NETWORK<\/h4>\n\n<div style=\"height:62px\" aria-hidden=\"true\" class=\"wp-block-spacer\"><\/div>\n\n<p><em>Crisis Houses:<\/em> Weglaufhaus (Alemania), Anima Home (Grecia), Lieu du Repit (Francia), Afiya House (EEUU), Drayton Park (Inglaterra).<\/p>\n\n<p><em>Friendly entities:<\/em> Flipas GAM (Madrid), Activament Catalunya (Barcelona), LoCom\u00fan (Madrid), Fabricantes de futur (Girona), Colectivo inspiradas (Madrid).<\/p>\n\n<p><em>Top supporters:<\/em> Sonia J. Cook (Humanist Consultancy), Josep Llu\u00eds Navarro, the Lord of Numbers (aGOe), Miquel Boix (AGOe), Andrea Ch\u00e1vez (Economic Promotion of the City Council of Lloret de Mar), S\u00edlvia F\u00e1brega (\u00c0rea d&#8217;emprenedoria del Consell Comarcal de la Selva), Raquel Fern\u00e1ndez (Ateneus Cooperatius de les Terres Gironines), Mart\u00ed Juanola (the Center Eix de Negoci), Josep M Sol\u00e9 (Fundaci\u00f3 SUPPORT), Kim \/ Lor (Home Studio), Crowdcoop ( HERES, FACTO, GOTEO), Enric Torrents, Elisenda Tuneu, Joan &#8216;Doble Zeroo&#8217; Puigvert, Pedro L\u00f3pez (Web &amp; Book Developer)&#13;\n<\/p>\n\n<p>Dani Cembrero, Gara Ramos, Catalina Pons, Rub\u00e9n A. Benedicto, Sheila, Dioni, Uli, Can M\u00e1s, Ver\u00f3nica Vacas, Alex Torrecillas, Amelia Burke.<br\/><br\/>Marta Plaza, Mercedes Vera, Daddy Panda Green Corner, Rous Baltrons and Ana Moreno.<\/p>\n\n<div style=\"height:37px\" aria-hidden=\"true\" class=\"wp-block-spacer\"><\/div>\n\n<h5 class=\"wp-block-heading\">With the financial support of:<br\/><br\/>All of you who contribute money in some way.<\/h5>\n\n<p>Each contribution counts and helps us to move forward: Thank you very much!<br\/><\/p>\n\n<p>And also:<\/p>\n\n<p><strong>Heidehof Stiftung<\/strong><\/p>\n\n<figure class=\"wp-block-image size-large is-resized\"><a href=\"https:\/\/www.heidehof-stiftung.de\/\" target=\"_blank\" rel=\"noopener\"><img decoding=\"async\" loading=\"lazy\" src=\"https:\/\/lacasapolar.org\/wp-content\/uploads\/2020\/12\/Copia-de-HHS-Logo.png\" alt=\"\" class=\"wp-image-708\" width=\"199\" height=\"105\" srcset=\"https:\/\/lacasapolar.org\/wp-content\/uploads\/2020\/12\/Copia-de-HHS-Logo.png 310w, https:\/\/lacasapolar.org\/wp-content\/uploads\/2020\/12\/Copia-de-HHS-Logo-300x158.png 300w\" sizes=\"(max-width: 199px) 100vw, 199px\" \/><\/a><\/figure>\n<p><br\/><strong>Pikara Magazine\u00a0<\/strong><\/p>\n\n<figure class=\"wp-block-image size-large is-resized\"><a href=\"https:\/\/www.pikaramagazine.com\/\" target=\"_blank\" rel=\"noopener\"><img decoding=\"async\" loading=\"lazy\" src=\"https:\/\/lacasapolar.org\/wp-content\/uploads\/2020\/12\/Pikara-LOGO.jpg\" alt=\"\" class=\"wp-image-709\" width=\"233\" height=\"145\" srcset=\"https:\/\/lacasapolar.org\/wp-content\/uploads\/2020\/12\/Pikara-LOGO.jpg 961w, https:\/\/lacasapolar.org\/wp-content\/uploads\/2020\/12\/Pikara-LOGO-300x186.jpg 300w, https:\/\/lacasapolar.org\/wp-content\/uploads\/2020\/12\/Pikara-LOGO-768x476.jpg 768w\" sizes=\"(max-width: 233px) 100vw, 233px\" \/><\/a><\/figure>\n<p>Without your generous contributions and support, our work would not be possible. Thank you very much!<\/p>\n\n<p><\/p>\n\n<h4 class=\"has-text-align-center wp-block-heading\">\u00a0<strong>And thanks also, always, to the great community of people that surrounds us.&#13;\n <\/strong><br\/><strong>The list is almost endless<\/strong>..<\/h4>\n\n<p><\/p>\n","protected":false},"excerpt":{"rendered":"<p>\u00a0\u00a0\u00a0\u00a0Help us make La Casa Polar a reality! IF YOU HAVE ANY QUESTIONS OR IDEAS ABOUT HOW YOU COULD HELP, WRITE TO: colabora@lacasapolar.org &#13; APPRECIATION, COLLABORATION, INSPIRATION AND OUR SUPPORT NETWORK Crisis Houses: Weglaufhaus (Alemania), Anima Home (Grecia), Lieu du Repit (Francia), Afiya House (EEUU), Drayton Park (Inglaterra). Friendly entities: Flipas GAM (Madrid), Activament Catalunya&hellip;&nbsp;<a href=\"https:\/\/lacasapolar.org\/en\/collaborate\" class=\"\" rel=\"bookmark\">Read More &raquo;<span class=\"screen-reader-text\">Collaborate!<\/span><\/a><\/p>\n","protected":false},"author":1,"featured_media":0,"parent":0,"menu_order":0,"comment_status":"closed","ping_status":"closed","template":"","meta":{"_eb_attr":"","_uag_custom_page_level_css":"","_monsterinsights_skip_tracking":false,"_monsterinsights_sitenote_active":false,"_monsterinsights_sitenote_note":"","_monsterinsights_sitenote_category":0,"neve_meta_sidebar":"full-width","neve_meta_container":"","neve_meta_enable_content_width":"on","neve_meta_content_width":100,"neve_meta_title_alignment":"","neve_meta_author_avatar":"","neve_post_elements_order":"","neve_meta_disable_header":"","neve_meta_disable_footer":"","neve_meta_disable_title":"on","_themeisle_gutenberg_block_has_review":false},"uagb_featured_image_src":{"full":false,"thumbnail":false,"medium":false,"medium_large":false,"large":false,"1536x1536":false,"2048x2048":false,"neve-blog":false},"uagb_author_info":{"display_name":"La Casa Polar","author_link":"https:\/\/lacasapolar.org\/en\/author\/casapolaradmin"},"uagb_comment_info":0,"uagb_excerpt":"\u00a0\u00a0\u00a0\u00a0Help us make La Casa Polar a reality! IF YOU HAVE ANY QUESTIONS OR IDEAS ABOUT HOW YOU COULD HELP, WRITE TO: colabora@lacasapolar.org &#13; APPRECIATION, COLLABORATION, INSPIRATION AND OUR SUPPORT NETWORK Crisis Houses: Weglaufhaus (Alemania), Anima Home (Grecia), Lieu du Repit (Francia), Afiya House (EEUU), Drayton Park (Inglaterra). Friendly entities: Flipas GAM (Madrid), Activament Catalunya&hellip;&nbsp;Read&hellip;","_links":{"self":[{"href":"https:\/\/lacasapolar.org\/en\/wp-json\/wp\/v2\/pages\/1103"}],"collection":[{"href":"https:\/\/lacasapolar.org\/en\/wp-json\/wp\/v2\/pages"}],"about":[{"href":"https:\/\/lacasapolar.org\/en\/wp-json\/wp\/v2\/types\/page"}],"author":[{"embeddable":true,"href":"https:\/\/lacasapolar.org\/en\/wp-json\/wp\/v2\/users\/1"}],"replies":[{"embeddable":true,"href":"https:\/\/lacasapolar.org\/en\/wp-json\/wp\/v2\/comments?post=1103"}],"version-history":[{"count":3,"href":"https:\/\/lacasapolar.org\/en\/wp-json\/wp\/v2\/pages\/1103\/revisions"}],"predecessor-version":[{"id":1188,"href":"https:\/\/lacasapolar.org\/en\/wp-json\/wp\/v2\/pages\/1103\/revisions\/1188"}],"wp:attachment":[{"href":"https:\/\/lacasapolar.org\/en\/wp-json\/wp\/v2\/media?parent=1103"}],"curies":[{"name":"wp","href":"https:\/\/api.w.org\/{rel}","templated":true}]}}